{"id":4841,"date":"2025-09-16T08:22:43","date_gmt":"2025-09-16T08:22:43","guid":{"rendered":"https:\/\/www.slaviapharm.ro\/?post_type=product&#038;p=4841"},"modified":"2026-03-16T18:45:29","modified_gmt":"2026-03-16T18:45:29","slug":"acyclovir-slavia-50mg-g-cream","status":"publish","type":"product","link":"https:\/\/www.slaviapharm.ro\/en\/product\/aciclovir-slavia-50mg-g-crema\/","title":{"rendered":"Acyclovir Slavia 50mg\/g cream"},"content":{"rendered":"<table class=\"woocommerce-product-attributes shop_attributes\" aria-label=\"Product details\">\n<tbody>\n<tr class=\"woocommerce-product-attributes-item\">\n<th class=\"woocommerce-product-attributes-item__label\" scope=\"row\"><strong>Active substance<\/strong><\/th>\n<td class=\"woocommerce-product-attributes-item__value\"><em>INN: Aciclovirum<\/em><\/td>\n<\/tr>\n<tr class=\"woocommerce-product-attributes-item\">\n<th class=\"woocommerce-product-attributes-item__label\" scope=\"row\"><strong>Therapeutic Class<\/strong><\/th>\n<td class=\"woocommerce-product-attributes-item__value\">TOPICAL ANTIVIRAL CHEMOTHERAPY<\/td>\n<\/tr>\n<tr class=\"woocommerce-product-attributes-item\">\n<th class=\"woocommerce-product-attributes-item__label\" scope=\"row\"><strong>Therapeutic indications<\/strong><\/th>\n<td class=\"woocommerce-product-attributes-item__value\">Treatment of herpes simplex infections of the skin of the face and lips, including recurrent herpes labialis (cold sores).<\/td>\n<\/tr>\n<tr class=\"woocommerce-product-attributes-item\">\n<th class=\"woocommerce-product-attributes-item__label\" scope=\"row\"><strong>Pack size<\/strong><\/th>\n<td class=\"woocommerce-product-attributes-item__value\">Tube x 15 g cream<br \/>\nTube x 5 g cream<\/td>\n<\/tr>\n<tr class=\"woocommerce-product-attributes-item\">\n<th class=\"woocommerce-product-attributes-item__label\" scope=\"row\"><strong>Method and route of administration<\/strong><\/th>\n<td class=\"woocommerce-product-attributes-item__value\">Cutaneous administration<\/td>\n<\/tr>\n<tr class=\"woocommerce-product-attributes-item\">\n<th class=\"woocommerce-product-attributes-item__label\" scope=\"row\"><strong>Legal status<\/strong><\/th>\n<td class=\"woocommerce-product-attributes-item__value\">Prescription-only medicine-PRF.<\/td>\n<\/tr>\n<tr class=\"woocommerce-product-attributes-item\">\n<th class=\"woocommerce-product-attributes-item__label\" scope=\"row\"><strong>Shelf life<\/strong><\/th>\n<td class=\"woocommerce-product-attributes-item__value\">3 years in sales packaging<br \/>\n6 weeks after first opening<\/td>\n<\/tr>\n<tr class=\"woocommerce-product-attributes-item\">\n<th class=\"woocommerce-product-attributes-item__label\" scope=\"row\"><strong>Marketing status<\/strong><\/th>\n<td class=\"woocommerce-product-attributes-item__value\">Currently marketed<\/td>\n<\/tr>\n<\/tbody>\n<\/table>\n<p><a href=\"https:\/\/www.anm.ro\/_\/_RCP\/RCP_12097_28.06.19.pdf\" target=\"_blank\" rel=\"noopener\"><strong>Package Leaflet (PL)<\/strong><\/a> - Romanian<br \/>\n<a href=\"https:\/\/www.slaviapharm.ro\/wp-content\/uploads\/2026\/03\/Anexa-1_Aciclovir-Slavia-50-mg-cream_en_08.2022.pdf\" target=\"_blank\" rel=\"noopener\"><strong>Package Leaflet (PL)<\/strong><\/a> - English<\/p>","protected":false},"excerpt":{"rendered":"<p><strong>Acyclovir Slavia cream is used for:<\/strong><\/p>\n<ul>\n<li>Treatment of herpes simplex infections of the skin of the face and lips, including recurrent herpes labialis (cold sores).<\/li>\n<\/ul>","protected":false},"featured_media":4842,"template":"","meta":[],"product_brand":[],"product_cat":[49],"product_tag":[53],"class_list":{"0":"post-4841","1":"product","2":"type-product","3":"status-publish","4":"has-post-thumbnail","6":"product_cat-medicamente-cu-prescriptie","7":"product_tag-aciclovirum","8":"pa_clasa-terapeutica-chimioterapice-de-uz-local-antivirale","9":"pa_dci-aciclovirum","11":"first","12":"instock","13":"shipping-taxable","14":"product-type-simple"},"yoast_head":"<!-- This site is optimized with the Yoast SEO plugin v27.3 - https:\/\/yoast.com\/product\/yoast-seo-wordpress\/ -->\n<title>Aciclovir Slavia 50mg\/g crem\u0103 - Slavia Pharm<\/title>\n<meta name=\"robots\" content=\"index, follow, max-snippet:-1, max-image-preview:large, max-video-preview:-1\" \/>\n<link rel=\"canonical\" href=\"https:\/\/www.slaviapharm.ro\/en\/product\/acyclovir-slavia-50mg-g-cream\/\" \/>\n<meta property=\"og:locale\" content=\"en_US\" \/>\n<meta property=\"og:type\" content=\"article\" \/>\n<meta property=\"og:title\" content=\"Aciclovir Slavia 50mg\/g crem\u0103 - Slavia Pharm\" \/>\n<meta property=\"og:description\" content=\"Aciclovir Slavia este utilizat pentru:   Tratamentul infec\u0163iilor cu virusul herpes simplex ale pielii fe\u0163ei \u015fi herpesul labial (herpes labialis recurent)\" \/>\n<meta property=\"og:url\" content=\"https:\/\/www.slaviapharm.ro\/en\/product\/acyclovir-slavia-50mg-g-cream\/\" \/>\n<meta property=\"og:site_name\" content=\"Slavia Pharm\" \/>\n<meta property=\"article:publisher\" content=\"https:\/\/www.facebook.com\/slaviapharm\" \/>\n<meta property=\"article:modified_time\" content=\"2026-03-16T18:45:29+00:00\" \/>\n<meta property=\"og:image\" content=\"https:\/\/www.slaviapharm.ro\/wp-content\/uploads\/2025\/09\/Aciclovir-Slavia-50-mgx-5-g_3D_varB-scaled.png\" \/>\n\t<meta property=\"og:image:width\" content=\"2560\" \/>\n\t<meta property=\"og:image:height\" content=\"2560\" \/>\n\t<meta property=\"og:image:type\" content=\"image\/png\" \/>\n<meta name=\"twitter:card\" content=\"summary_large_image\" \/>\n<meta name=\"twitter:label1\" content=\"Est. reading time\" \/>\n\t<meta name=\"twitter:data1\" content=\"1 minute\" \/>\n<script type=\"application\/ld+json\" class=\"yoast-schema-graph\">{\"@context\":\"https:\\\/\\\/schema.org\",\"@graph\":[{\"@type\":\"WebPage\",\"@id\":\"https:\\\/\\\/www.slaviapharm.ro\\\/product\\\/aciclovir-slavia-50mg-g-crema\\\/\",\"url\":\"https:\\\/\\\/www.slaviapharm.ro\\\/product\\\/aciclovir-slavia-50mg-g-crema\\\/\",\"name\":\"Aciclovir Slavia 50mg\\\/g crem\u0103 - Slavia Pharm\",\"isPartOf\":{\"@id\":\"https:\\\/\\\/www.slaviapharm.ro\\\/#website\"},\"primaryImageOfPage\":{\"@id\":\"https:\\\/\\\/www.slaviapharm.ro\\\/product\\\/aciclovir-slavia-50mg-g-crema\\\/#primaryimage\"},\"image\":{\"@id\":\"https:\\\/\\\/www.slaviapharm.ro\\\/product\\\/aciclovir-slavia-50mg-g-crema\\\/#primaryimage\"},\"thumbnailUrl\":\"https:\\\/\\\/www.slaviapharm.ro\\\/wp-content\\\/uploads\\\/2025\\\/09\\\/Aciclovir-Slavia-50-mgx-5-g_3D_varB-scaled.png\",\"datePublished\":\"2025-09-16T08:22:43+00:00\",\"dateModified\":\"2026-03-16T18:45:29+00:00\",\"breadcrumb\":{\"@id\":\"https:\\\/\\\/www.slaviapharm.ro\\\/product\\\/aciclovir-slavia-50mg-g-crema\\\/#breadcrumb\"},\"inLanguage\":\"en-US\",\"potentialAction\":[{\"@type\":\"ReadAction\",\"target\":[\"https:\\\/\\\/www.slaviapharm.ro\\\/product\\\/aciclovir-slavia-50mg-g-crema\\\/\"]}]},{\"@type\":\"ImageObject\",\"inLanguage\":\"en-US\",\"@id\":\"https:\\\/\\\/www.slaviapharm.ro\\\/product\\\/aciclovir-slavia-50mg-g-crema\\\/#primaryimage\",\"url\":\"https:\\\/\\\/www.slaviapharm.ro\\\/wp-content\\\/uploads\\\/2025\\\/09\\\/Aciclovir-Slavia-50-mgx-5-g_3D_varB-scaled.png\",\"contentUrl\":\"https:\\\/\\\/www.slaviapharm.ro\\\/wp-content\\\/uploads\\\/2025\\\/09\\\/Aciclovir-Slavia-50-mgx-5-g_3D_varB-scaled.png\",\"width\":2560,\"height\":2560},{\"@type\":\"BreadcrumbList\",\"@id\":\"https:\\\/\\\/www.slaviapharm.ro\\\/product\\\/aciclovir-slavia-50mg-g-crema\\\/#breadcrumb\",\"itemListElement\":[{\"@type\":\"ListItem\",\"position\":1,\"name\":\"Home\",\"item\":\"https:\\\/\\\/www.slaviapharm.ro\\\/\"},{\"@type\":\"ListItem\",\"position\":2,\"name\":\"Produse\",\"item\":\"https:\\\/\\\/www.slaviapharm.ro\\\/produse\\\/\"},{\"@type\":\"ListItem\",\"position\":3,\"name\":\"Aciclovir Slavia 50mg\\\/g crem\u0103\"}]},{\"@type\":\"WebSite\",\"@id\":\"https:\\\/\\\/www.slaviapharm.ro\\\/#website\",\"url\":\"https:\\\/\\\/www.slaviapharm.ro\\\/\",\"name\":\"Slavia Pharm\",\"description\":\"Companie produc\u0103toare de medicamente fondat\u0103 \u00een anul 1997.\",\"publisher\":{\"@id\":\"https:\\\/\\\/www.slaviapharm.ro\\\/#organization\"},\"potentialAction\":[{\"@type\":\"SearchAction\",\"target\":{\"@type\":\"EntryPoint\",\"urlTemplate\":\"https:\\\/\\\/www.slaviapharm.ro\\\/?s={search_term_string}\"},\"query-input\":{\"@type\":\"PropertyValueSpecification\",\"valueRequired\":true,\"valueName\":\"search_term_string\"}}],\"inLanguage\":\"en-US\"},{\"@type\":\"Organization\",\"@id\":\"https:\\\/\\\/www.slaviapharm.ro\\\/#organization\",\"name\":\"Slavia Pharm\",\"url\":\"https:\\\/\\\/www.slaviapharm.ro\\\/\",\"logo\":{\"@type\":\"ImageObject\",\"inLanguage\":\"en-US\",\"@id\":\"https:\\\/\\\/www.slaviapharm.ro\\\/#\\\/schema\\\/logo\\\/image\\\/\",\"url\":\"https:\\\/\\\/www.slaviapharm.ro\\\/wp-content\\\/uploads\\\/2025\\\/03\\\/Logo-Slavia-Pharm.png\",\"contentUrl\":\"https:\\\/\\\/www.slaviapharm.ro\\\/wp-content\\\/uploads\\\/2025\\\/03\\\/Logo-Slavia-Pharm.png\",\"width\":585,\"height\":191,\"caption\":\"Slavia Pharm\"},\"image\":{\"@id\":\"https:\\\/\\\/www.slaviapharm.ro\\\/#\\\/schema\\\/logo\\\/image\\\/\"},\"sameAs\":[\"https:\\\/\\\/www.facebook.com\\\/slaviapharm\",\"https:\\\/\\\/www.linkedin.com\\\/company\\\/slavia-pharm\\\/about\\\/\"]}]}<\/script>\n<!-- \/ Yoast SEO plugin. -->","yoast_head_json":{"title":"Acyclovir Slavia 50mg\/g cream - Slavia Pharm","robots":{"index":"index","follow":"follow","max-snippet":"max-snippet:-1","max-image-preview":"max-image-preview:large","max-video-preview":"max-video-preview:-1"},"canonical":"https:\/\/www.slaviapharm.ro\/en\/product\/acyclovir-slavia-50mg-g-cream\/","og_locale":"en_US","og_type":"article","og_title":"Aciclovir Slavia 50mg\/g crem\u0103 - Slavia Pharm","og_description":"Aciclovir Slavia este utilizat pentru:   Tratamentul infec\u0163iilor cu virusul herpes simplex ale pielii fe\u0163ei \u015fi herpesul labial (herpes labialis recurent)","og_url":"https:\/\/www.slaviapharm.ro\/en\/product\/acyclovir-slavia-50mg-g-cream\/","og_site_name":"Slavia Pharm","article_publisher":"https:\/\/www.facebook.com\/slaviapharm","article_modified_time":"2026-03-16T18:45:29+00:00","og_image":[{"width":2560,"height":2560,"url":"https:\/\/www.slaviapharm.ro\/wp-content\/uploads\/2025\/09\/Aciclovir-Slavia-50-mgx-5-g_3D_varB-scaled.png","type":"image\/png"}],"twitter_card":"summary_large_image","twitter_misc":{"Est. reading time":"1 minute"},"schema":{"@context":"https:\/\/schema.org","@graph":[{"@type":"WebPage","@id":"https:\/\/www.slaviapharm.ro\/product\/aciclovir-slavia-50mg-g-crema\/","url":"https:\/\/www.slaviapharm.ro\/product\/aciclovir-slavia-50mg-g-crema\/","name":"Acyclovir Slavia 50mg\/g cream - Slavia Pharm","isPartOf":{"@id":"https:\/\/www.slaviapharm.ro\/#website"},"primaryImageOfPage":{"@id":"https:\/\/www.slaviapharm.ro\/product\/aciclovir-slavia-50mg-g-crema\/#primaryimage"},"image":{"@id":"https:\/\/www.slaviapharm.ro\/product\/aciclovir-slavia-50mg-g-crema\/#primaryimage"},"thumbnailUrl":"https:\/\/www.slaviapharm.ro\/wp-content\/uploads\/2025\/09\/Aciclovir-Slavia-50-mgx-5-g_3D_varB-scaled.png","datePublished":"2025-09-16T08:22:43+00:00","dateModified":"2026-03-16T18:45:29+00:00","breadcrumb":{"@id":"https:\/\/www.slaviapharm.ro\/product\/aciclovir-slavia-50mg-g-crema\/#breadcrumb"},"inLanguage":"en-US","potentialAction":[{"@type":"ReadAction","target":["https:\/\/www.slaviapharm.ro\/product\/aciclovir-slavia-50mg-g-crema\/"]}]},{"@type":"ImageObject","inLanguage":"en-US","@id":"https:\/\/www.slaviapharm.ro\/product\/aciclovir-slavia-50mg-g-crema\/#primaryimage","url":"https:\/\/www.slaviapharm.ro\/wp-content\/uploads\/2025\/09\/Aciclovir-Slavia-50-mgx-5-g_3D_varB-scaled.png","contentUrl":"https:\/\/www.slaviapharm.ro\/wp-content\/uploads\/2025\/09\/Aciclovir-Slavia-50-mgx-5-g_3D_varB-scaled.png","width":2560,"height":2560},{"@type":"BreadcrumbList","@id":"https:\/\/www.slaviapharm.ro\/product\/aciclovir-slavia-50mg-g-crema\/#breadcrumb","itemListElement":[{"@type":"ListItem","position":1,"name":"Home","item":"https:\/\/www.slaviapharm.ro\/"},{"@type":"ListItem","position":2,"name":"Produse","item":"https:\/\/www.slaviapharm.ro\/produse\/"},{"@type":"ListItem","position":3,"name":"Aciclovir Slavia 50mg\/g crem\u0103"}]},{"@type":"WebSite","@id":"https:\/\/www.slaviapharm.ro\/#website","url":"https:\/\/www.slaviapharm.ro\/","name":"Slavia Pharm","description":"Drug manufacturing company founded in 1997.","publisher":{"@id":"https:\/\/www.slaviapharm.ro\/#organization"},"potentialAction":[{"@type":"SearchAction","target":{"@type":"EntryPoint","urlTemplate":"https:\/\/www.slaviapharm.ro\/?s={search_term_string}"},"query-input":{"@type":"PropertyValueSpecification","valueRequired":true,"valueName":"search_term_string"}}],"inLanguage":"en-US"},{"@type":"Organization","@id":"https:\/\/www.slaviapharm.ro\/#organization","name":"Slavia Pharm","url":"https:\/\/www.slaviapharm.ro\/","logo":{"@type":"ImageObject","inLanguage":"en-US","@id":"https:\/\/www.slaviapharm.ro\/#\/schema\/logo\/image\/","url":"https:\/\/www.slaviapharm.ro\/wp-content\/uploads\/2025\/03\/Logo-Slavia-Pharm.png","contentUrl":"https:\/\/www.slaviapharm.ro\/wp-content\/uploads\/2025\/03\/Logo-Slavia-Pharm.png","width":585,"height":191,"caption":"Slavia Pharm"},"image":{"@id":"https:\/\/www.slaviapharm.ro\/#\/schema\/logo\/image\/"},"sameAs":["https:\/\/www.facebook.com\/slaviapharm","https:\/\/www.linkedin.com\/company\/slavia-pharm\/about\/"]}]}},"_links":{"self":[{"href":"https:\/\/www.slaviapharm.ro\/en\/wp-json\/wp\/v2\/product\/4841","targetHints":{"allow":["GET"]}}],"collection":[{"href":"https:\/\/www.slaviapharm.ro\/en\/wp-json\/wp\/v2\/product"}],"about":[{"href":"https:\/\/www.slaviapharm.ro\/en\/wp-json\/wp\/v2\/types\/product"}],"wp:featuredmedia":[{"embeddable":true,"href":"https:\/\/www.slaviapharm.ro\/en\/wp-json\/wp\/v2\/media\/4842"}],"wp:attachment":[{"href":"https:\/\/www.slaviapharm.ro\/en\/wp-json\/wp\/v2\/media?parent=4841"}],"wp:term":[{"taxonomy":"product_brand","embeddable":true,"href":"https:\/\/www.slaviapharm.ro\/en\/wp-json\/wp\/v2\/product_brand?post=4841"},{"taxonomy":"product_cat","embeddable":true,"href":"https:\/\/www.slaviapharm.ro\/en\/wp-json\/wp\/v2\/product_cat?post=4841"},{"taxonomy":"product_tag","embeddable":true,"href":"https:\/\/www.slaviapharm.ro\/en\/wp-json\/wp\/v2\/product_tag?post=4841"}],"curies":[{"name":"wp","href":"https:\/\/api.w.org\/{rel}","templated":true}]}}