{"id":4319,"date":"2025-08-12T19:11:45","date_gmt":"2025-08-12T19:11:45","guid":{"rendered":"https:\/\/www.slaviapharm.ro\/?post_type=product&#038;p=4319"},"modified":"2026-03-16T18:55:35","modified_gmt":"2026-03-16T18:55:35","slug":"ketoprofen-slavia-25-mg-g-gel","status":"publish","type":"product","link":"https:\/\/www.slaviapharm.ro\/en\/product\/ketoprofen-slavia-25-mg-g-gel\/","title":{"rendered":"Ketoprofen Slavia 25 mg\/g gel"},"content":{"rendered":"<table class=\"woocommerce-product-attributes shop_attributes\" aria-label=\"Product details\">\n<tbody>\n<tr class=\"woocommerce-product-attributes-item\">\n<th class=\"woocommerce-product-attributes-item__label\" scope=\"row\"><strong>Active substance<\/strong><\/th>\n<td class=\"woocommerce-product-attributes-item__value\"><em>INN: Ketoprofenum<\/em><\/td>\n<\/tr>\n<tr class=\"woocommerce-product-attributes-item\">\n<th class=\"woocommerce-product-attributes-item__label\" scope=\"row\"><strong>Therapeutic Class<\/strong><\/th>\n<td class=\"woocommerce-product-attributes-item__value\">TOPICAL NONSTEROIDAL ANTI-INFLAMMATORY DRUGS<\/td>\n<\/tr>\n<tr class=\"woocommerce-product-attributes-item\">\n<th class=\"woocommerce-product-attributes-item__label\" scope=\"row\"><strong>Therapeutic indications<\/strong><\/th>\n<td class=\"woocommerce-product-attributes-item__value\">Ketoprofen Slavia gel is used for the short-term symptomatic treatment (up to 7 days) of mild to moderate local pain associated with muscle and\/or joint conditions, for example trauma during sports activities, tendonitis (inflammation of the tendons), muscle contusions,<br \/>\ntendinitis (trauma to muscles and tendons), sprains, swelling and post-traumatic pain.<\/td>\n<\/tr>\n<tr class=\"woocommerce-product-attributes-item\">\n<th class=\"woocommerce-product-attributes-item__label\" scope=\"row\"><strong>Pack size<\/strong><\/th>\n<td class=\"woocommerce-product-attributes-item__value\">Box with 1 tube containing 45 g gel<\/td>\n<\/tr>\n<tr class=\"woocommerce-product-attributes-item\">\n<th class=\"woocommerce-product-attributes-item__label\" scope=\"row\"><strong>Method and route of administration<\/strong><\/th>\n<td class=\"woocommerce-product-attributes-item__value\">Apply the gel to the painful or inflamed area 2-3 times a day. The amount of gel applied should be sufficient to cover the painful area. The total daily dose should not exceed 15 g ketoprofen\/day. Duration of treatment should not exceed one week<\/td>\n<\/tr>\n<tr class=\"woocommerce-product-attributes-item\">\n<th class=\"woocommerce-product-attributes-item__label\" scope=\"row\"><strong>Legal status<\/strong><\/th>\n<td class=\"woocommerce-product-attributes-item__value\">Prescription-only medicine-PRF.<\/td>\n<\/tr>\n<tr class=\"woocommerce-product-attributes-item\">\n<th class=\"woocommerce-product-attributes-item__label\" scope=\"row\"><strong>Shelf life<\/strong><\/th>\n<td class=\"woocommerce-product-attributes-item__value\">3 years in original packaging<br \/>\n3 months after the first opening<\/td>\n<\/tr>\n<tr class=\"woocommerce-product-attributes-item\">\n<th class=\"woocommerce-product-attributes-item__label\" scope=\"row\"><strong>Marketing status<\/strong><\/th>\n<td class=\"woocommerce-product-attributes-item__value\">Currently marketed<\/td>\n<\/tr>\n<\/tbody>\n<\/table>\n<p><a href=\"https:\/\/www.anm.ro\/_\/_PRO\/PRO_7702_28.05.15.pdf\" target=\"_blank\" rel=\"noopener\"><strong>Package Leaflet (PL)<\/strong><\/a> - Romanian<br \/>\n<a href=\"https:\/\/www.slaviapharm.ro\/wp-content\/uploads\/2026\/03\/Anexa-1_Ketoprofen-Slavia-gel_en_06.2015.pdf\" target=\"_blank\" rel=\"noopener\"><strong>Package Leaflet (PL)<\/strong><\/a> - English<\/p>","protected":false},"excerpt":{"rendered":"<p><strong>Ketoprofen Slavia gel<\/strong> <strong>is used for:<\/strong><\/p>\n<ul>\n<li>Short-term symptomatic treatment (up to 7 days) of mild to moderate local pain associated with muscle and\/or joint conditions, e.g. sports injuries, tendinitis (inflammation of tendons).<\/li>\n<li>musculo-tendinous contusions (trauma to muscles and tendons), sprains, swelling and post-traumatic pain.<\/li>\n<\/ul>","protected":false},"featured_media":4347,"template":"","meta":[],"product_brand":[],"product_cat":[49],"product_tag":[162],"class_list":{"0":"post-4319","1":"product","2":"type-product","3":"status-publish","4":"has-post-thumbnail","6":"product_cat-medicamente-cu-prescriptie","7":"product_tag-ketoprofenum","8":"pa_clasa-terapeutica-medicamente-topice-pentru-dureri-articulare-si-musculare-antiinflamatoare-nesteroidiene-de-uz-topic","9":"pa_dci-ketoprofenum","11":"first","12":"instock","13":"shipping-taxable","14":"product-type-simple"},"yoast_head":"<!-- This site is optimized with the Yoast SEO plugin v27.4 - https:\/\/yoast.com\/product\/yoast-seo-wordpress\/ -->\n<title>Ketoprofen Slavia 25 mg\/g gel - Slavia Pharm<\/title>\n<meta name=\"robots\" content=\"index, follow, max-snippet:-1, max-image-preview:large, max-video-preview:-1\" \/>\n<link rel=\"canonical\" href=\"https:\/\/www.slaviapharm.ro\/en\/product\/ketoprofen-slavia-25-mg-g-gel\/\" \/>\n<meta property=\"og:locale\" content=\"en_US\" \/>\n<meta property=\"og:type\" content=\"article\" \/>\n<meta property=\"og:title\" content=\"Ketoprofen Slavia 25 mg\/g gel - Slavia Pharm\" \/>\n<meta property=\"og:description\" content=\"Ketoprofen Slavia gel este utilizat pentru:   tratamentul simptomatic, pe termen scurt (p\u00e2n\u0103 la 7 zile), al durerilor locale, u\u015foare p\u00e2n\u0103 la moderate, asociate afec\u0163iunilor musculare \u015fi\/sau articulare, de exemplu traumatisme \u00een cursul activit\u0103\u0163ilor sportive, tendinite (inflama\u0163ii ale tendoanelor)  contuzii musculo-tendinoase (traumatisme la nivelul mu\u015fchilor \u015fi tendoanelor), luxa\u0163ii, tumefac\u0163ii (umfl\u0103turi) \u015fi dureri post-traumatice.\" \/>\n<meta property=\"og:url\" content=\"https:\/\/www.slaviapharm.ro\/en\/product\/ketoprofen-slavia-25-mg-g-gel\/\" \/>\n<meta property=\"og:site_name\" content=\"Slavia Pharm\" \/>\n<meta property=\"article:publisher\" content=\"https:\/\/www.facebook.com\/slaviapharm\" \/>\n<meta property=\"article:modified_time\" content=\"2026-03-16T18:55:35+00:00\" \/>\n<meta property=\"og:image\" content=\"https:\/\/www.slaviapharm.ro\/wp-content\/uploads\/2025\/08\/KETOPROFEN-SPH_VAR-A_-scaled.png\" \/>\n\t<meta property=\"og:image:width\" content=\"2560\" \/>\n\t<meta property=\"og:image:height\" content=\"2560\" \/>\n\t<meta property=\"og:image:type\" content=\"image\/png\" \/>\n<meta name=\"twitter:card\" content=\"summary_large_image\" \/>\n<meta name=\"twitter:label1\" content=\"Est. reading time\" \/>\n\t<meta name=\"twitter:data1\" content=\"2 minutes\" \/>\n<script type=\"application\/ld+json\" class=\"yoast-schema-graph\">{\"@context\":\"https:\\\/\\\/schema.org\",\"@graph\":[{\"@type\":\"WebPage\",\"@id\":\"https:\\\/\\\/www.slaviapharm.ro\\\/product\\\/ketoprofen-slavia-25-mg-g-gel\\\/\",\"url\":\"https:\\\/\\\/www.slaviapharm.ro\\\/product\\\/ketoprofen-slavia-25-mg-g-gel\\\/\",\"name\":\"Ketoprofen Slavia 25 mg\\\/g gel - Slavia Pharm\",\"isPartOf\":{\"@id\":\"https:\\\/\\\/www.slaviapharm.ro\\\/#website\"},\"primaryImageOfPage\":{\"@id\":\"https:\\\/\\\/www.slaviapharm.ro\\\/product\\\/ketoprofen-slavia-25-mg-g-gel\\\/#primaryimage\"},\"image\":{\"@id\":\"https:\\\/\\\/www.slaviapharm.ro\\\/product\\\/ketoprofen-slavia-25-mg-g-gel\\\/#primaryimage\"},\"thumbnailUrl\":\"https:\\\/\\\/www.slaviapharm.ro\\\/wp-content\\\/uploads\\\/2025\\\/08\\\/KETOPROFEN-SPH_VAR-A_-scaled.png\",\"datePublished\":\"2025-08-12T19:11:45+00:00\",\"dateModified\":\"2026-03-16T18:55:35+00:00\",\"breadcrumb\":{\"@id\":\"https:\\\/\\\/www.slaviapharm.ro\\\/product\\\/ketoprofen-slavia-25-mg-g-gel\\\/#breadcrumb\"},\"inLanguage\":\"en-US\",\"potentialAction\":[{\"@type\":\"ReadAction\",\"target\":[\"https:\\\/\\\/www.slaviapharm.ro\\\/product\\\/ketoprofen-slavia-25-mg-g-gel\\\/\"]}]},{\"@type\":\"ImageObject\",\"inLanguage\":\"en-US\",\"@id\":\"https:\\\/\\\/www.slaviapharm.ro\\\/product\\\/ketoprofen-slavia-25-mg-g-gel\\\/#primaryimage\",\"url\":\"https:\\\/\\\/www.slaviapharm.ro\\\/wp-content\\\/uploads\\\/2025\\\/08\\\/KETOPROFEN-SPH_VAR-A_-scaled.png\",\"contentUrl\":\"https:\\\/\\\/www.slaviapharm.ro\\\/wp-content\\\/uploads\\\/2025\\\/08\\\/KETOPROFEN-SPH_VAR-A_-scaled.png\",\"width\":2560,\"height\":2560},{\"@type\":\"BreadcrumbList\",\"@id\":\"https:\\\/\\\/www.slaviapharm.ro\\\/product\\\/ketoprofen-slavia-25-mg-g-gel\\\/#breadcrumb\",\"itemListElement\":[{\"@type\":\"ListItem\",\"position\":1,\"name\":\"Home\",\"item\":\"https:\\\/\\\/www.slaviapharm.ro\\\/\"},{\"@type\":\"ListItem\",\"position\":2,\"name\":\"Produse\",\"item\":\"https:\\\/\\\/www.slaviapharm.ro\\\/produse\\\/\"},{\"@type\":\"ListItem\",\"position\":3,\"name\":\"Ketoprofen Slavia 25 mg\\\/g gel\"}]},{\"@type\":\"WebSite\",\"@id\":\"https:\\\/\\\/www.slaviapharm.ro\\\/#website\",\"url\":\"https:\\\/\\\/www.slaviapharm.ro\\\/\",\"name\":\"Slavia Pharm\",\"description\":\"Companie produc\u0103toare de medicamente fondat\u0103 \u00een anul 1997.\",\"publisher\":{\"@id\":\"https:\\\/\\\/www.slaviapharm.ro\\\/#organization\"},\"potentialAction\":[{\"@type\":\"SearchAction\",\"target\":{\"@type\":\"EntryPoint\",\"urlTemplate\":\"https:\\\/\\\/www.slaviapharm.ro\\\/?s={search_term_string}\"},\"query-input\":{\"@type\":\"PropertyValueSpecification\",\"valueRequired\":true,\"valueName\":\"search_term_string\"}}],\"inLanguage\":\"en-US\"},{\"@type\":\"Organization\",\"@id\":\"https:\\\/\\\/www.slaviapharm.ro\\\/#organization\",\"name\":\"Slavia Pharm\",\"url\":\"https:\\\/\\\/www.slaviapharm.ro\\\/\",\"logo\":{\"@type\":\"ImageObject\",\"inLanguage\":\"en-US\",\"@id\":\"https:\\\/\\\/www.slaviapharm.ro\\\/#\\\/schema\\\/logo\\\/image\\\/\",\"url\":\"https:\\\/\\\/www.slaviapharm.ro\\\/wp-content\\\/uploads\\\/2025\\\/03\\\/Logo-Slavia-Pharm.png\",\"contentUrl\":\"https:\\\/\\\/www.slaviapharm.ro\\\/wp-content\\\/uploads\\\/2025\\\/03\\\/Logo-Slavia-Pharm.png\",\"width\":585,\"height\":191,\"caption\":\"Slavia Pharm\"},\"image\":{\"@id\":\"https:\\\/\\\/www.slaviapharm.ro\\\/#\\\/schema\\\/logo\\\/image\\\/\"},\"sameAs\":[\"https:\\\/\\\/www.facebook.com\\\/slaviapharm\",\"https:\\\/\\\/www.linkedin.com\\\/company\\\/slavia-pharm\\\/about\\\/\"]}]}<\/script>\n<!-- \/ Yoast SEO plugin. -->","yoast_head_json":{"title":"Ketoprofen Slavia 25 mg\/g gel - Slavia Pharm","robots":{"index":"index","follow":"follow","max-snippet":"max-snippet:-1","max-image-preview":"max-image-preview:large","max-video-preview":"max-video-preview:-1"},"canonical":"https:\/\/www.slaviapharm.ro\/en\/product\/ketoprofen-slavia-25-mg-g-gel\/","og_locale":"en_US","og_type":"article","og_title":"Ketoprofen Slavia 25 mg\/g gel - Slavia Pharm","og_description":"Ketoprofen Slavia gel este utilizat pentru:   tratamentul simptomatic, pe termen scurt (p\u00e2n\u0103 la 7 zile), al durerilor locale, u\u015foare p\u00e2n\u0103 la moderate, asociate afec\u0163iunilor musculare \u015fi\/sau articulare, de exemplu traumatisme \u00een cursul activit\u0103\u0163ilor sportive, tendinite (inflama\u0163ii ale tendoanelor)  contuzii musculo-tendinoase (traumatisme la nivelul mu\u015fchilor \u015fi tendoanelor), luxa\u0163ii, tumefac\u0163ii (umfl\u0103turi) \u015fi dureri post-traumatice.","og_url":"https:\/\/www.slaviapharm.ro\/en\/product\/ketoprofen-slavia-25-mg-g-gel\/","og_site_name":"Slavia Pharm","article_publisher":"https:\/\/www.facebook.com\/slaviapharm","article_modified_time":"2026-03-16T18:55:35+00:00","og_image":[{"width":2560,"height":2560,"url":"https:\/\/www.slaviapharm.ro\/wp-content\/uploads\/2025\/08\/KETOPROFEN-SPH_VAR-A_-scaled.png","type":"image\/png"}],"twitter_card":"summary_large_image","twitter_misc":{"Est. reading time":"2 minutes"},"schema":{"@context":"https:\/\/schema.org","@graph":[{"@type":"WebPage","@id":"https:\/\/www.slaviapharm.ro\/product\/ketoprofen-slavia-25-mg-g-gel\/","url":"https:\/\/www.slaviapharm.ro\/product\/ketoprofen-slavia-25-mg-g-gel\/","name":"Ketoprofen Slavia 25 mg\/g gel - Slavia Pharm","isPartOf":{"@id":"https:\/\/www.slaviapharm.ro\/#website"},"primaryImageOfPage":{"@id":"https:\/\/www.slaviapharm.ro\/product\/ketoprofen-slavia-25-mg-g-gel\/#primaryimage"},"image":{"@id":"https:\/\/www.slaviapharm.ro\/product\/ketoprofen-slavia-25-mg-g-gel\/#primaryimage"},"thumbnailUrl":"https:\/\/www.slaviapharm.ro\/wp-content\/uploads\/2025\/08\/KETOPROFEN-SPH_VAR-A_-scaled.png","datePublished":"2025-08-12T19:11:45+00:00","dateModified":"2026-03-16T18:55:35+00:00","breadcrumb":{"@id":"https:\/\/www.slaviapharm.ro\/product\/ketoprofen-slavia-25-mg-g-gel\/#breadcrumb"},"inLanguage":"en-US","potentialAction":[{"@type":"ReadAction","target":["https:\/\/www.slaviapharm.ro\/product\/ketoprofen-slavia-25-mg-g-gel\/"]}]},{"@type":"ImageObject","inLanguage":"en-US","@id":"https:\/\/www.slaviapharm.ro\/product\/ketoprofen-slavia-25-mg-g-gel\/#primaryimage","url":"https:\/\/www.slaviapharm.ro\/wp-content\/uploads\/2025\/08\/KETOPROFEN-SPH_VAR-A_-scaled.png","contentUrl":"https:\/\/www.slaviapharm.ro\/wp-content\/uploads\/2025\/08\/KETOPROFEN-SPH_VAR-A_-scaled.png","width":2560,"height":2560},{"@type":"BreadcrumbList","@id":"https:\/\/www.slaviapharm.ro\/product\/ketoprofen-slavia-25-mg-g-gel\/#breadcrumb","itemListElement":[{"@type":"ListItem","position":1,"name":"Home","item":"https:\/\/www.slaviapharm.ro\/"},{"@type":"ListItem","position":2,"name":"Produse","item":"https:\/\/www.slaviapharm.ro\/produse\/"},{"@type":"ListItem","position":3,"name":"Ketoprofen Slavia 25 mg\/g gel"}]},{"@type":"WebSite","@id":"https:\/\/www.slaviapharm.ro\/#website","url":"https:\/\/www.slaviapharm.ro\/","name":"Slavia Pharm","description":"Drug manufacturing company founded in 1997.","publisher":{"@id":"https:\/\/www.slaviapharm.ro\/#organization"},"potentialAction":[{"@type":"SearchAction","target":{"@type":"EntryPoint","urlTemplate":"https:\/\/www.slaviapharm.ro\/?s={search_term_string}"},"query-input":{"@type":"PropertyValueSpecification","valueRequired":true,"valueName":"search_term_string"}}],"inLanguage":"en-US"},{"@type":"Organization","@id":"https:\/\/www.slaviapharm.ro\/#organization","name":"Slavia Pharm","url":"https:\/\/www.slaviapharm.ro\/","logo":{"@type":"ImageObject","inLanguage":"en-US","@id":"https:\/\/www.slaviapharm.ro\/#\/schema\/logo\/image\/","url":"https:\/\/www.slaviapharm.ro\/wp-content\/uploads\/2025\/03\/Logo-Slavia-Pharm.png","contentUrl":"https:\/\/www.slaviapharm.ro\/wp-content\/uploads\/2025\/03\/Logo-Slavia-Pharm.png","width":585,"height":191,"caption":"Slavia Pharm"},"image":{"@id":"https:\/\/www.slaviapharm.ro\/#\/schema\/logo\/image\/"},"sameAs":["https:\/\/www.facebook.com\/slaviapharm","https:\/\/www.linkedin.com\/company\/slavia-pharm\/about\/"]}]}},"_links":{"self":[{"href":"https:\/\/www.slaviapharm.ro\/en\/wp-json\/wp\/v2\/product\/4319","targetHints":{"allow":["GET"]}}],"collection":[{"href":"https:\/\/www.slaviapharm.ro\/en\/wp-json\/wp\/v2\/product"}],"about":[{"href":"https:\/\/www.slaviapharm.ro\/en\/wp-json\/wp\/v2\/types\/product"}],"wp:featuredmedia":[{"embeddable":true,"href":"https:\/\/www.slaviapharm.ro\/en\/wp-json\/wp\/v2\/media\/4347"}],"wp:attachment":[{"href":"https:\/\/www.slaviapharm.ro\/en\/wp-json\/wp\/v2\/media?parent=4319"}],"wp:term":[{"taxonomy":"product_brand","embeddable":true,"href":"https:\/\/www.slaviapharm.ro\/en\/wp-json\/wp\/v2\/product_brand?post=4319"},{"taxonomy":"product_cat","embeddable":true,"href":"https:\/\/www.slaviapharm.ro\/en\/wp-json\/wp\/v2\/product_cat?post=4319"},{"taxonomy":"product_tag","embeddable":true,"href":"https:\/\/www.slaviapharm.ro\/en\/wp-json\/wp\/v2\/product_tag?post=4319"}],"curies":[{"name":"wp","href":"https:\/\/api.w.org\/{rel}","templated":true}]}}