{"id":4300,"date":"2025-08-07T19:33:26","date_gmt":"2025-08-07T19:33:26","guid":{"rendered":"https:\/\/www.slaviapharm.ro\/?post_type=product&#038;p=4300"},"modified":"2026-02-23T11:29:20","modified_gmt":"2026-02-23T11:29:20","slug":"sebo-salic-duo-activ","status":"publish","type":"product","link":"https:\/\/www.slaviapharm.ro\/en\/product\/sebo-salic-duo-activ\/","title":{"rendered":"Sebo Salic Duo Active"},"content":{"rendered":"<table class=\"woocommerce-product-attributes shop_attributes\" aria-label=\"Product details\">\n<tbody>\n<tr class=\"woocommerce-product-attributes-item\">\n<th class=\"woocommerce-product-attributes-item__label\" scope=\"row\"><strong>Active substance<\/strong><\/th>\n<td class=\"woocommerce-product-attributes-item__value\"><em>Salicylic acid 3%, Zinc PCA 1%, minerals and vitamins<\/em><\/td>\n<\/tr>\n<tr class=\"woocommerce-product-attributes-item\">\n<th class=\"woocommerce-product-attributes-item__label\" scope=\"row\"><strong>Therapeutic Class<\/strong><\/th>\n<td class=\"woocommerce-product-attributes-item__value\">Cosmetic product<\/td>\n<\/tr>\n<tr class=\"woocommerce-product-attributes-item\">\n<th class=\"woocommerce-product-attributes-item__label\" scope=\"row\"><strong>Therapeutic indications<\/strong><\/th>\n<td class=\"woocommerce-product-attributes-item__value\">The active ingredients in Sebo Salic Duo Active shampoo help prevent and combat dandruff, soothe irritation and itching, assist in removing flakes and help regulate sebum on the scalp.<\/td>\n<\/tr>\n<tr class=\"woocommerce-product-attributes-item\">\n<th class=\"woocommerce-product-attributes-item__label\" scope=\"row\"><strong>Pack size<\/strong><\/th>\n<td class=\"woocommerce-product-attributes-item__value\">125 ml bottle<\/td>\n<\/tr>\n<tr class=\"woocommerce-product-attributes-item\">\n<th class=\"woocommerce-product-attributes-item__label\" scope=\"row\"><strong>Method and route of administration<\/strong><\/th>\n<td class=\"woocommerce-product-attributes-item__value\">Intended for external use, apply to damp hair and leave on for 3-5 minutes, then rinse with plenty of water. Use 3 times a week for the first 3 weeks, then continue with 1-2 washes a week.<\/td>\n<\/tr>\n<tr class=\"woocommerce-product-attributes-item\">\n<th class=\"woocommerce-product-attributes-item__label\" scope=\"row\"><strong>Legal status<\/strong><\/th>\n<td class=\"woocommerce-product-attributes-item__value\">No prescription required<\/td>\n<\/tr>\n<tr class=\"woocommerce-product-attributes-item\">\n<th class=\"woocommerce-product-attributes-item__label\" scope=\"row\"><strong>Shelf life<\/strong><\/th>\n<td class=\"woocommerce-product-attributes-item__value\">2 years from the date of manufacture.<\/td>\n<\/tr>\n<tr class=\"woocommerce-product-attributes-item\">\n<th class=\"woocommerce-product-attributes-item__label\" scope=\"row\"><strong>Marketing status<\/strong><\/th>\n<td class=\"woocommerce-product-attributes-item__value\">Currently marketed<\/td>\n<\/tr>\n<\/tbody>\n<\/table>","protected":false},"excerpt":{"rendered":"<p class=\"translation-block\">Sebo Salic Duo Active shampoo contains ingredients that help prevent and combat dandruff, soothe local irritation and itching, support the removal of flakes and help regulate excess sebum on the scalp.<\/p>","protected":false},"featured_media":4301,"template":"","meta":[],"product_brand":[],"product_cat":[52],"product_tag":[91,93,94,92],"class_list":{"0":"post-4300","1":"product","2":"type-product","3":"status-publish","4":"has-post-thumbnail","6":"product_cat-cosmetice","7":"product_tag-acid-salicilic-3","8":"product_tag-minerale","9":"product_tag-vitamine","10":"product_tag-zinc-pca-1","11":"pa_clasa-terapeutica-produs-dermato-cosmetic","13":"first","14":"instock","15":"shipping-taxable","16":"product-type-simple"},"yoast_head":"<!-- This site is optimized with the Yoast SEO plugin v27.4 - https:\/\/yoast.com\/product\/yoast-seo-wordpress\/ -->\n<title>Sebo Salic Duo Active - Slavia Pharm<\/title>\n<meta name=\"robots\" content=\"index, follow, max-snippet:-1, max-image-preview:large, max-video-preview:-1\" \/>\n<link rel=\"canonical\" href=\"https:\/\/www.slaviapharm.ro\/en\/product\/sebo-salic-duo-activ\/\" \/>\n<meta property=\"og:locale\" content=\"en_US\" \/>\n<meta property=\"og:type\" content=\"article\" \/>\n<meta property=\"og:title\" content=\"Sebo Salic Duo Active - Slavia Pharm\" \/>\n<meta property=\"og:description\" content=\"Componentele \u0219amponului Sebo Salic Duo Active previn \u0219i combat m\u0103trea\u021ba, calmeaz\u0103 irita\u021biile locale \u0219i pruritul, favorizeaz\u0103 \u00eendep\u0103rtarea scuamelor, regleaz\u0103 sebumul la nivelul scalpului.\" \/>\n<meta property=\"og:url\" content=\"https:\/\/www.slaviapharm.ro\/en\/product\/sebo-salic-duo-activ\/\" \/>\n<meta property=\"og:site_name\" content=\"Slavia Pharm\" \/>\n<meta property=\"article:publisher\" content=\"https:\/\/www.facebook.com\/slaviapharm\" \/>\n<meta property=\"article:modified_time\" content=\"2026-02-23T11:29:20+00:00\" \/>\n<meta property=\"og:image\" content=\"https:\/\/www.slaviapharm.ro\/wp-content\/uploads\/2025\/08\/Sebosalic-3d_cu-flacon_varB-scaled.png\" \/>\n\t<meta property=\"og:image:width\" content=\"2560\" \/>\n\t<meta property=\"og:image:height\" content=\"2048\" \/>\n\t<meta property=\"og:image:type\" content=\"image\/png\" \/>\n<meta name=\"twitter:card\" content=\"summary_large_image\" \/>\n<meta name=\"twitter:label1\" content=\"Est. reading time\" \/>\n\t<meta name=\"twitter:data1\" content=\"1 minute\" \/>\n<script type=\"application\/ld+json\" class=\"yoast-schema-graph\">{\"@context\":\"https:\\\/\\\/schema.org\",\"@graph\":[{\"@type\":\"WebPage\",\"@id\":\"https:\\\/\\\/www.slaviapharm.ro\\\/product\\\/sebo-salic-duo-activ\\\/\",\"url\":\"https:\\\/\\\/www.slaviapharm.ro\\\/product\\\/sebo-salic-duo-activ\\\/\",\"name\":\"Sebo Salic Duo Active - Slavia Pharm\",\"isPartOf\":{\"@id\":\"https:\\\/\\\/www.slaviapharm.ro\\\/#website\"},\"primaryImageOfPage\":{\"@id\":\"https:\\\/\\\/www.slaviapharm.ro\\\/product\\\/sebo-salic-duo-activ\\\/#primaryimage\"},\"image\":{\"@id\":\"https:\\\/\\\/www.slaviapharm.ro\\\/product\\\/sebo-salic-duo-activ\\\/#primaryimage\"},\"thumbnailUrl\":\"https:\\\/\\\/www.slaviapharm.ro\\\/wp-content\\\/uploads\\\/2025\\\/08\\\/Sebosalic-3d_cu-flacon_varB-scaled.png\",\"datePublished\":\"2025-08-07T19:33:26+00:00\",\"dateModified\":\"2026-02-23T11:29:20+00:00\",\"breadcrumb\":{\"@id\":\"https:\\\/\\\/www.slaviapharm.ro\\\/product\\\/sebo-salic-duo-activ\\\/#breadcrumb\"},\"inLanguage\":\"en-US\",\"potentialAction\":[{\"@type\":\"ReadAction\",\"target\":[\"https:\\\/\\\/www.slaviapharm.ro\\\/product\\\/sebo-salic-duo-activ\\\/\"]}]},{\"@type\":\"ImageObject\",\"inLanguage\":\"en-US\",\"@id\":\"https:\\\/\\\/www.slaviapharm.ro\\\/product\\\/sebo-salic-duo-activ\\\/#primaryimage\",\"url\":\"https:\\\/\\\/www.slaviapharm.ro\\\/wp-content\\\/uploads\\\/2025\\\/08\\\/Sebosalic-3d_cu-flacon_varB-scaled.png\",\"contentUrl\":\"https:\\\/\\\/www.slaviapharm.ro\\\/wp-content\\\/uploads\\\/2025\\\/08\\\/Sebosalic-3d_cu-flacon_varB-scaled.png\",\"width\":2560,\"height\":2048},{\"@type\":\"BreadcrumbList\",\"@id\":\"https:\\\/\\\/www.slaviapharm.ro\\\/product\\\/sebo-salic-duo-activ\\\/#breadcrumb\",\"itemListElement\":[{\"@type\":\"ListItem\",\"position\":1,\"name\":\"Home\",\"item\":\"https:\\\/\\\/www.slaviapharm.ro\\\/\"},{\"@type\":\"ListItem\",\"position\":2,\"name\":\"Produse\",\"item\":\"https:\\\/\\\/www.slaviapharm.ro\\\/produse\\\/\"},{\"@type\":\"ListItem\",\"position\":3,\"name\":\"Sebo Salic Duo Active\"}]},{\"@type\":\"WebSite\",\"@id\":\"https:\\\/\\\/www.slaviapharm.ro\\\/#website\",\"url\":\"https:\\\/\\\/www.slaviapharm.ro\\\/\",\"name\":\"Slavia Pharm\",\"description\":\"Companie produc\u0103toare de medicamente fondat\u0103 \u00een anul 1997.\",\"publisher\":{\"@id\":\"https:\\\/\\\/www.slaviapharm.ro\\\/#organization\"},\"potentialAction\":[{\"@type\":\"SearchAction\",\"target\":{\"@type\":\"EntryPoint\",\"urlTemplate\":\"https:\\\/\\\/www.slaviapharm.ro\\\/?s={search_term_string}\"},\"query-input\":{\"@type\":\"PropertyValueSpecification\",\"valueRequired\":true,\"valueName\":\"search_term_string\"}}],\"inLanguage\":\"en-US\"},{\"@type\":\"Organization\",\"@id\":\"https:\\\/\\\/www.slaviapharm.ro\\\/#organization\",\"name\":\"Slavia Pharm\",\"url\":\"https:\\\/\\\/www.slaviapharm.ro\\\/\",\"logo\":{\"@type\":\"ImageObject\",\"inLanguage\":\"en-US\",\"@id\":\"https:\\\/\\\/www.slaviapharm.ro\\\/#\\\/schema\\\/logo\\\/image\\\/\",\"url\":\"https:\\\/\\\/www.slaviapharm.ro\\\/wp-content\\\/uploads\\\/2025\\\/03\\\/Logo-Slavia-Pharm.png\",\"contentUrl\":\"https:\\\/\\\/www.slaviapharm.ro\\\/wp-content\\\/uploads\\\/2025\\\/03\\\/Logo-Slavia-Pharm.png\",\"width\":585,\"height\":191,\"caption\":\"Slavia Pharm\"},\"image\":{\"@id\":\"https:\\\/\\\/www.slaviapharm.ro\\\/#\\\/schema\\\/logo\\\/image\\\/\"},\"sameAs\":[\"https:\\\/\\\/www.facebook.com\\\/slaviapharm\",\"https:\\\/\\\/www.linkedin.com\\\/company\\\/slavia-pharm\\\/about\\\/\"]}]}<\/script>\n<!-- \/ Yoast SEO plugin. -->","yoast_head_json":{"title":"Sebo Salic Duo Active - Slavia Pharm","robots":{"index":"index","follow":"follow","max-snippet":"max-snippet:-1","max-image-preview":"max-image-preview:large","max-video-preview":"max-video-preview:-1"},"canonical":"https:\/\/www.slaviapharm.ro\/en\/product\/sebo-salic-duo-activ\/","og_locale":"en_US","og_type":"article","og_title":"Sebo Salic Duo Active - Slavia Pharm","og_description":"Componentele \u0219amponului Sebo Salic Duo Active previn \u0219i combat m\u0103trea\u021ba, calmeaz\u0103 irita\u021biile locale \u0219i pruritul, favorizeaz\u0103 \u00eendep\u0103rtarea scuamelor, regleaz\u0103 sebumul la nivelul scalpului.","og_url":"https:\/\/www.slaviapharm.ro\/en\/product\/sebo-salic-duo-activ\/","og_site_name":"Slavia Pharm","article_publisher":"https:\/\/www.facebook.com\/slaviapharm","article_modified_time":"2026-02-23T11:29:20+00:00","og_image":[{"width":2560,"height":2048,"url":"https:\/\/www.slaviapharm.ro\/wp-content\/uploads\/2025\/08\/Sebosalic-3d_cu-flacon_varB-scaled.png","type":"image\/png"}],"twitter_card":"summary_large_image","twitter_misc":{"Est. reading time":"1 minute"},"schema":{"@context":"https:\/\/schema.org","@graph":[{"@type":"WebPage","@id":"https:\/\/www.slaviapharm.ro\/product\/sebo-salic-duo-activ\/","url":"https:\/\/www.slaviapharm.ro\/product\/sebo-salic-duo-activ\/","name":"Sebo Salic Duo Active - Slavia Pharm","isPartOf":{"@id":"https:\/\/www.slaviapharm.ro\/#website"},"primaryImageOfPage":{"@id":"https:\/\/www.slaviapharm.ro\/product\/sebo-salic-duo-activ\/#primaryimage"},"image":{"@id":"https:\/\/www.slaviapharm.ro\/product\/sebo-salic-duo-activ\/#primaryimage"},"thumbnailUrl":"https:\/\/www.slaviapharm.ro\/wp-content\/uploads\/2025\/08\/Sebosalic-3d_cu-flacon_varB-scaled.png","datePublished":"2025-08-07T19:33:26+00:00","dateModified":"2026-02-23T11:29:20+00:00","breadcrumb":{"@id":"https:\/\/www.slaviapharm.ro\/product\/sebo-salic-duo-activ\/#breadcrumb"},"inLanguage":"en-US","potentialAction":[{"@type":"ReadAction","target":["https:\/\/www.slaviapharm.ro\/product\/sebo-salic-duo-activ\/"]}]},{"@type":"ImageObject","inLanguage":"en-US","@id":"https:\/\/www.slaviapharm.ro\/product\/sebo-salic-duo-activ\/#primaryimage","url":"https:\/\/www.slaviapharm.ro\/wp-content\/uploads\/2025\/08\/Sebosalic-3d_cu-flacon_varB-scaled.png","contentUrl":"https:\/\/www.slaviapharm.ro\/wp-content\/uploads\/2025\/08\/Sebosalic-3d_cu-flacon_varB-scaled.png","width":2560,"height":2048},{"@type":"BreadcrumbList","@id":"https:\/\/www.slaviapharm.ro\/product\/sebo-salic-duo-activ\/#breadcrumb","itemListElement":[{"@type":"ListItem","position":1,"name":"Home","item":"https:\/\/www.slaviapharm.ro\/"},{"@type":"ListItem","position":2,"name":"Produse","item":"https:\/\/www.slaviapharm.ro\/produse\/"},{"@type":"ListItem","position":3,"name":"Sebo Salic Duo Active"}]},{"@type":"WebSite","@id":"https:\/\/www.slaviapharm.ro\/#website","url":"https:\/\/www.slaviapharm.ro\/","name":"Slavia Pharm","description":"Drug manufacturing company founded in 1997.","publisher":{"@id":"https:\/\/www.slaviapharm.ro\/#organization"},"potentialAction":[{"@type":"SearchAction","target":{"@type":"EntryPoint","urlTemplate":"https:\/\/www.slaviapharm.ro\/?s={search_term_string}"},"query-input":{"@type":"PropertyValueSpecification","valueRequired":true,"valueName":"search_term_string"}}],"inLanguage":"en-US"},{"@type":"Organization","@id":"https:\/\/www.slaviapharm.ro\/#organization","name":"Slavia Pharm","url":"https:\/\/www.slaviapharm.ro\/","logo":{"@type":"ImageObject","inLanguage":"en-US","@id":"https:\/\/www.slaviapharm.ro\/#\/schema\/logo\/image\/","url":"https:\/\/www.slaviapharm.ro\/wp-content\/uploads\/2025\/03\/Logo-Slavia-Pharm.png","contentUrl":"https:\/\/www.slaviapharm.ro\/wp-content\/uploads\/2025\/03\/Logo-Slavia-Pharm.png","width":585,"height":191,"caption":"Slavia Pharm"},"image":{"@id":"https:\/\/www.slaviapharm.ro\/#\/schema\/logo\/image\/"},"sameAs":["https:\/\/www.facebook.com\/slaviapharm","https:\/\/www.linkedin.com\/company\/slavia-pharm\/about\/"]}]}},"_links":{"self":[{"href":"https:\/\/www.slaviapharm.ro\/en\/wp-json\/wp\/v2\/product\/4300","targetHints":{"allow":["GET"]}}],"collection":[{"href":"https:\/\/www.slaviapharm.ro\/en\/wp-json\/wp\/v2\/product"}],"about":[{"href":"https:\/\/www.slaviapharm.ro\/en\/wp-json\/wp\/v2\/types\/product"}],"wp:featuredmedia":[{"embeddable":true,"href":"https:\/\/www.slaviapharm.ro\/en\/wp-json\/wp\/v2\/media\/4301"}],"wp:attachment":[{"href":"https:\/\/www.slaviapharm.ro\/en\/wp-json\/wp\/v2\/media?parent=4300"}],"wp:term":[{"taxonomy":"product_brand","embeddable":true,"href":"https:\/\/www.slaviapharm.ro\/en\/wp-json\/wp\/v2\/product_brand?post=4300"},{"taxonomy":"product_cat","embeddable":true,"href":"https:\/\/www.slaviapharm.ro\/en\/wp-json\/wp\/v2\/product_cat?post=4300"},{"taxonomy":"product_tag","embeddable":true,"href":"https:\/\/www.slaviapharm.ro\/en\/wp-json\/wp\/v2\/product_tag?post=4300"}],"curies":[{"name":"wp","href":"https:\/\/api.w.org\/{rel}","templated":true}]}}