{"id":4273,"date":"2025-08-06T16:32:42","date_gmt":"2025-08-06T16:32:42","guid":{"rendered":"https:\/\/www.slaviapharm.ro\/?post_type=product&#038;p=4273"},"modified":"2025-08-11T15:00:44","modified_gmt":"2025-08-11T15:00:44","slug":"folic-acid-1000mcg","status":"publish","type":"product","link":"https:\/\/www.slaviapharm.ro\/en\/product\/acid-folic-1000mcg\/","title":{"rendered":"Folic Acid 1000mcg"},"content":{"rendered":"<table class=\"woocommerce-product-attributes shop_attributes\" aria-label=\"Product details\">\n<tbody>\n<tr class=\"woocommerce-product-attributes-item\">\n<th class=\"woocommerce-product-attributes-item__label\" scope=\"row\"><strong>Composition<\/strong><\/th>\n<td class=\"woocommerce-product-attributes-item__value\">Folic acid 1000mcg (500% NRV), microcrystalline cellulose, partially pregelatinized corn starch, glazing agents, polyvinyl alcohol, calcium carbonate, PEG, talc, iron oxide III red, iron oxide II and III black, colloidal silicon dioxide, magnesium salts of fatty acids.<\/td>\n<\/tr>\n<tr class=\"woocommerce-product-attributes-item\">\n<th class=\"woocommerce-product-attributes-item__label\" scope=\"row\"><strong>Action<\/strong><\/th>\n<td class=\"woocommerce-product-attributes-item__value translation-block\">Folic acid (vitamin B9) supports normal cell growth and regeneration, contributes to the formation of red blood cells, and plays an important role during pregnancy by helping reduce the risk of neural tube defects in the developing fetus.<\/td>\n<\/tr>\n<tr class=\"woocommerce-product-attributes-item\">\n<th class=\"woocommerce-product-attributes-item__label\" scope=\"row\"><strong>Pack size<\/strong><\/th>\n<td class=\"woocommerce-product-attributes-item__value\">Box containing 50 film-coated tablets.<\/td>\n<\/tr>\n<tr class=\"woocommerce-product-attributes-item\">\n<th class=\"woocommerce-product-attributes-item__label\" scope=\"row\"><strong>Warnings<\/strong><\/th>\n<td class=\"woocommerce-product-attributes-item__value\">There are no special warnings. In case of overdose, folic acid is eliminated rapidly through the kidneys.<\/td>\n<\/tr>\n<tr class=\"woocommerce-product-attributes-item\">\n<th class=\"woocommerce-product-attributes-item__label\" scope=\"row\"><strong>Method and route of administration<\/strong><\/th>\n<td class=\"woocommerce-product-attributes-item__value\">The recommended daily dose is one tablet per day.<\/td>\n<\/tr>\n<tr class=\"woocommerce-product-attributes-item\">\n<th class=\"woocommerce-product-attributes-item__label\" scope=\"row\"><strong>Shelf life<\/strong><\/th>\n<td class=\"woocommerce-product-attributes-item__value\">See the date printed on the original packaging.<\/td>\n<\/tr>\n<tr class=\"woocommerce-product-attributes-item\">\n<th class=\"woocommerce-product-attributes-item__label\" scope=\"row\"><strong>Marketing status<\/strong><\/th>\n<td class=\"woocommerce-product-attributes-item__value\">Currently marketed<\/td>\n<\/tr>\n<\/tbody>\n<\/table>","protected":false},"excerpt":{"rendered":"<p class=\"translation-block\">Folic acid (vitamin B9) supports normal cell growth and regeneration, contributes to the formation of red blood cells, and plays an important role during pregnancy by helping reduce the risk of neural tube defects in the developing fetus.<\/p>","protected":false},"featured_media":4274,"template":"","meta":[],"product_brand":[],"product_cat":[51],"product_tag":[],"class_list":{"0":"post-4273","1":"product","2":"type-product","3":"status-publish","4":"has-post-thumbnail","6":"product_cat-suplimente-alimentare","8":"first","9":"instock","10":"shipping-taxable","11":"product-type-simple"},"yoast_head":"<!-- This site is optimized with the Yoast SEO plugin v27.5 - https:\/\/yoast.com\/product\/yoast-seo-wordpress\/ -->\n<title>Acid Folic 1000mcg - Slavia Pharm<\/title>\n<meta name=\"robots\" content=\"index, follow, max-snippet:-1, max-image-preview:large, max-video-preview:-1\" \/>\n<link rel=\"canonical\" href=\"https:\/\/www.slaviapharm.ro\/en\/product\/folic-acid-1000mcg\/\" \/>\n<meta property=\"og:locale\" content=\"en_US\" \/>\n<meta property=\"og:type\" content=\"article\" \/>\n<meta property=\"og:title\" content=\"Acid Folic 1000mcg - Slavia Pharm\" \/>\n<meta property=\"og:description\" content=\"Acidul folic (vitamina B9) are un rol important \u00een buna func\u021bionare a organismului, \u00een regenerarea celular\u0103, are rol \u00een formarea celulelor ro\u0219ii sangvine, reduce riscul de apari\u021bie a defectelor de tub neural fetal. Rolul important \u00een perioada de graviditate impune suplimentarea cu acid folic cu 6 s\u0103pt\u0103m\u00e2ni \u00eenainte de concep\u021bie, p\u00e2n\u0103 \u00een al doilea trimestru de sarcin\u0103.\" \/>\n<meta property=\"og:url\" content=\"https:\/\/www.slaviapharm.ro\/en\/product\/folic-acid-1000mcg\/\" \/>\n<meta property=\"og:site_name\" content=\"Slavia Pharm\" \/>\n<meta property=\"article:publisher\" content=\"https:\/\/www.facebook.com\/slaviapharm\" \/>\n<meta property=\"article:modified_time\" content=\"2025-08-11T15:00:44+00:00\" \/>\n<meta property=\"og:image\" content=\"https:\/\/www.slaviapharm.ro\/wp-content\/uploads\/2025\/08\/Acid-Folic-3D-scaled.png\" \/>\n\t<meta property=\"og:image:width\" content=\"2560\" \/>\n\t<meta property=\"og:image:height\" content=\"2560\" \/>\n\t<meta property=\"og:image:type\" content=\"image\/png\" \/>\n<meta name=\"twitter:card\" content=\"summary_large_image\" \/>\n<meta name=\"twitter:label1\" content=\"Est. reading time\" \/>\n\t<meta name=\"twitter:data1\" content=\"1 minute\" \/>\n<script type=\"application\/ld+json\" class=\"yoast-schema-graph\">{\"@context\":\"https:\\\/\\\/schema.org\",\"@graph\":[{\"@type\":\"WebPage\",\"@id\":\"https:\\\/\\\/www.slaviapharm.ro\\\/product\\\/acid-folic-1000mcg\\\/\",\"url\":\"https:\\\/\\\/www.slaviapharm.ro\\\/product\\\/acid-folic-1000mcg\\\/\",\"name\":\"Acid Folic 1000mcg - Slavia Pharm\",\"isPartOf\":{\"@id\":\"https:\\\/\\\/www.slaviapharm.ro\\\/#website\"},\"primaryImageOfPage\":{\"@id\":\"https:\\\/\\\/www.slaviapharm.ro\\\/product\\\/acid-folic-1000mcg\\\/#primaryimage\"},\"image\":{\"@id\":\"https:\\\/\\\/www.slaviapharm.ro\\\/product\\\/acid-folic-1000mcg\\\/#primaryimage\"},\"thumbnailUrl\":\"https:\\\/\\\/www.slaviapharm.ro\\\/wp-content\\\/uploads\\\/2025\\\/08\\\/Acid-Folic-3D-scaled.png\",\"datePublished\":\"2025-08-06T16:32:42+00:00\",\"dateModified\":\"2025-08-11T15:00:44+00:00\",\"breadcrumb\":{\"@id\":\"https:\\\/\\\/www.slaviapharm.ro\\\/product\\\/acid-folic-1000mcg\\\/#breadcrumb\"},\"inLanguage\":\"en-US\",\"potentialAction\":[{\"@type\":\"ReadAction\",\"target\":[\"https:\\\/\\\/www.slaviapharm.ro\\\/product\\\/acid-folic-1000mcg\\\/\"]}]},{\"@type\":\"ImageObject\",\"inLanguage\":\"en-US\",\"@id\":\"https:\\\/\\\/www.slaviapharm.ro\\\/product\\\/acid-folic-1000mcg\\\/#primaryimage\",\"url\":\"https:\\\/\\\/www.slaviapharm.ro\\\/wp-content\\\/uploads\\\/2025\\\/08\\\/Acid-Folic-3D-scaled.png\",\"contentUrl\":\"https:\\\/\\\/www.slaviapharm.ro\\\/wp-content\\\/uploads\\\/2025\\\/08\\\/Acid-Folic-3D-scaled.png\",\"width\":2560,\"height\":2560},{\"@type\":\"BreadcrumbList\",\"@id\":\"https:\\\/\\\/www.slaviapharm.ro\\\/product\\\/acid-folic-1000mcg\\\/#breadcrumb\",\"itemListElement\":[{\"@type\":\"ListItem\",\"position\":1,\"name\":\"Home\",\"item\":\"https:\\\/\\\/www.slaviapharm.ro\\\/\"},{\"@type\":\"ListItem\",\"position\":2,\"name\":\"Produse\",\"item\":\"https:\\\/\\\/www.slaviapharm.ro\\\/produse\\\/\"},{\"@type\":\"ListItem\",\"position\":3,\"name\":\"Acid Folic 1000mcg\"}]},{\"@type\":\"WebSite\",\"@id\":\"https:\\\/\\\/www.slaviapharm.ro\\\/#website\",\"url\":\"https:\\\/\\\/www.slaviapharm.ro\\\/\",\"name\":\"Slavia Pharm\",\"description\":\"Companie produc\u0103toare de medicamente fondat\u0103 \u00een anul 1997.\",\"publisher\":{\"@id\":\"https:\\\/\\\/www.slaviapharm.ro\\\/#organization\"},\"potentialAction\":[{\"@type\":\"SearchAction\",\"target\":{\"@type\":\"EntryPoint\",\"urlTemplate\":\"https:\\\/\\\/www.slaviapharm.ro\\\/?s={search_term_string}\"},\"query-input\":{\"@type\":\"PropertyValueSpecification\",\"valueRequired\":true,\"valueName\":\"search_term_string\"}}],\"inLanguage\":\"en-US\"},{\"@type\":\"Organization\",\"@id\":\"https:\\\/\\\/www.slaviapharm.ro\\\/#organization\",\"name\":\"Slavia Pharm\",\"url\":\"https:\\\/\\\/www.slaviapharm.ro\\\/\",\"logo\":{\"@type\":\"ImageObject\",\"inLanguage\":\"en-US\",\"@id\":\"https:\\\/\\\/www.slaviapharm.ro\\\/#\\\/schema\\\/logo\\\/image\\\/\",\"url\":\"https:\\\/\\\/www.slaviapharm.ro\\\/wp-content\\\/uploads\\\/2025\\\/03\\\/Logo-Slavia-Pharm.png\",\"contentUrl\":\"https:\\\/\\\/www.slaviapharm.ro\\\/wp-content\\\/uploads\\\/2025\\\/03\\\/Logo-Slavia-Pharm.png\",\"width\":585,\"height\":191,\"caption\":\"Slavia Pharm\"},\"image\":{\"@id\":\"https:\\\/\\\/www.slaviapharm.ro\\\/#\\\/schema\\\/logo\\\/image\\\/\"},\"sameAs\":[\"https:\\\/\\\/www.facebook.com\\\/slaviapharm\",\"https:\\\/\\\/www.linkedin.com\\\/company\\\/slavia-pharm\\\/about\\\/\"]}]}<\/script>\n<!-- \/ Yoast SEO plugin. -->","yoast_head_json":{"title":"Folic Acid 1000mcg - Slavia Pharm","robots":{"index":"index","follow":"follow","max-snippet":"max-snippet:-1","max-image-preview":"max-image-preview:large","max-video-preview":"max-video-preview:-1"},"canonical":"https:\/\/www.slaviapharm.ro\/en\/product\/folic-acid-1000mcg\/","og_locale":"en_US","og_type":"article","og_title":"Acid Folic 1000mcg - Slavia Pharm","og_description":"Acidul folic (vitamina B9) are un rol important \u00een buna func\u021bionare a organismului, \u00een regenerarea celular\u0103, are rol \u00een formarea celulelor ro\u0219ii sangvine, reduce riscul de apari\u021bie a defectelor de tub neural fetal. Rolul important \u00een perioada de graviditate impune suplimentarea cu acid folic cu 6 s\u0103pt\u0103m\u00e2ni \u00eenainte de concep\u021bie, p\u00e2n\u0103 \u00een al doilea trimestru de sarcin\u0103.","og_url":"https:\/\/www.slaviapharm.ro\/en\/product\/folic-acid-1000mcg\/","og_site_name":"Slavia Pharm","article_publisher":"https:\/\/www.facebook.com\/slaviapharm","article_modified_time":"2025-08-11T15:00:44+00:00","og_image":[{"width":2560,"height":2560,"url":"https:\/\/www.slaviapharm.ro\/wp-content\/uploads\/2025\/08\/Acid-Folic-3D-scaled.png","type":"image\/png"}],"twitter_card":"summary_large_image","twitter_misc":{"Est. reading time":"1 minute"},"schema":{"@context":"https:\/\/schema.org","@graph":[{"@type":"WebPage","@id":"https:\/\/www.slaviapharm.ro\/product\/acid-folic-1000mcg\/","url":"https:\/\/www.slaviapharm.ro\/product\/acid-folic-1000mcg\/","name":"Folic Acid 1000mcg - Slavia Pharm","isPartOf":{"@id":"https:\/\/www.slaviapharm.ro\/#website"},"primaryImageOfPage":{"@id":"https:\/\/www.slaviapharm.ro\/product\/acid-folic-1000mcg\/#primaryimage"},"image":{"@id":"https:\/\/www.slaviapharm.ro\/product\/acid-folic-1000mcg\/#primaryimage"},"thumbnailUrl":"https:\/\/www.slaviapharm.ro\/wp-content\/uploads\/2025\/08\/Acid-Folic-3D-scaled.png","datePublished":"2025-08-06T16:32:42+00:00","dateModified":"2025-08-11T15:00:44+00:00","breadcrumb":{"@id":"https:\/\/www.slaviapharm.ro\/product\/acid-folic-1000mcg\/#breadcrumb"},"inLanguage":"en-US","potentialAction":[{"@type":"ReadAction","target":["https:\/\/www.slaviapharm.ro\/product\/acid-folic-1000mcg\/"]}]},{"@type":"ImageObject","inLanguage":"en-US","@id":"https:\/\/www.slaviapharm.ro\/product\/acid-folic-1000mcg\/#primaryimage","url":"https:\/\/www.slaviapharm.ro\/wp-content\/uploads\/2025\/08\/Acid-Folic-3D-scaled.png","contentUrl":"https:\/\/www.slaviapharm.ro\/wp-content\/uploads\/2025\/08\/Acid-Folic-3D-scaled.png","width":2560,"height":2560},{"@type":"BreadcrumbList","@id":"https:\/\/www.slaviapharm.ro\/product\/acid-folic-1000mcg\/#breadcrumb","itemListElement":[{"@type":"ListItem","position":1,"name":"Home","item":"https:\/\/www.slaviapharm.ro\/"},{"@type":"ListItem","position":2,"name":"Produse","item":"https:\/\/www.slaviapharm.ro\/produse\/"},{"@type":"ListItem","position":3,"name":"Acid Folic 1000mcg"}]},{"@type":"WebSite","@id":"https:\/\/www.slaviapharm.ro\/#website","url":"https:\/\/www.slaviapharm.ro\/","name":"Slavia Pharm","description":"Drug manufacturing company founded in 1997.","publisher":{"@id":"https:\/\/www.slaviapharm.ro\/#organization"},"potentialAction":[{"@type":"SearchAction","target":{"@type":"EntryPoint","urlTemplate":"https:\/\/www.slaviapharm.ro\/?s={search_term_string}"},"query-input":{"@type":"PropertyValueSpecification","valueRequired":true,"valueName":"search_term_string"}}],"inLanguage":"en-US"},{"@type":"Organization","@id":"https:\/\/www.slaviapharm.ro\/#organization","name":"Slavia Pharm","url":"https:\/\/www.slaviapharm.ro\/","logo":{"@type":"ImageObject","inLanguage":"en-US","@id":"https:\/\/www.slaviapharm.ro\/#\/schema\/logo\/image\/","url":"https:\/\/www.slaviapharm.ro\/wp-content\/uploads\/2025\/03\/Logo-Slavia-Pharm.png","contentUrl":"https:\/\/www.slaviapharm.ro\/wp-content\/uploads\/2025\/03\/Logo-Slavia-Pharm.png","width":585,"height":191,"caption":"Slavia Pharm"},"image":{"@id":"https:\/\/www.slaviapharm.ro\/#\/schema\/logo\/image\/"},"sameAs":["https:\/\/www.facebook.com\/slaviapharm","https:\/\/www.linkedin.com\/company\/slavia-pharm\/about\/"]}]}},"_links":{"self":[{"href":"https:\/\/www.slaviapharm.ro\/en\/wp-json\/wp\/v2\/product\/4273","targetHints":{"allow":["GET"]}}],"collection":[{"href":"https:\/\/www.slaviapharm.ro\/en\/wp-json\/wp\/v2\/product"}],"about":[{"href":"https:\/\/www.slaviapharm.ro\/en\/wp-json\/wp\/v2\/types\/product"}],"wp:featuredmedia":[{"embeddable":true,"href":"https:\/\/www.slaviapharm.ro\/en\/wp-json\/wp\/v2\/media\/4274"}],"wp:attachment":[{"href":"https:\/\/www.slaviapharm.ro\/en\/wp-json\/wp\/v2\/media?parent=4273"}],"wp:term":[{"taxonomy":"product_brand","embeddable":true,"href":"https:\/\/www.slaviapharm.ro\/en\/wp-json\/wp\/v2\/product_brand?post=4273"},{"taxonomy":"product_cat","embeddable":true,"href":"https:\/\/www.slaviapharm.ro\/en\/wp-json\/wp\/v2\/product_cat?post=4273"},{"taxonomy":"product_tag","embeddable":true,"href":"https:\/\/www.slaviapharm.ro\/en\/wp-json\/wp\/v2\/product_tag?post=4273"}],"curies":[{"name":"wp","href":"https:\/\/api.w.org\/{rel}","templated":true}]}}