{"id":4246,"date":"2025-08-05T17:00:39","date_gmt":"2025-08-05T17:00:39","guid":{"rendered":"https:\/\/www.slaviapharm.ro\/?post_type=product&#038;p=4246"},"modified":"2026-03-16T18:54:20","modified_gmt":"2026-03-16T18:54:20","slug":"indapamide-slavia-15-mg-extended-release-tablets","status":"publish","type":"product","link":"https:\/\/www.slaviapharm.ro\/en\/product\/indapamida-slavia-15-mg-comprimate-cu-eliberare-prelungita\/","title":{"rendered":"Indapamide Slavia 1.5 mg extended-release tablets"},"content":{"rendered":"<table class=\"woocommerce-product-attributes shop_attributes\" aria-label=\"Product details\">\n<tbody>\n<tr class=\"woocommerce-product-attributes-item\">\n<th class=\"woocommerce-product-attributes-item__label\" scope=\"row\"><strong>Active substance<\/strong><\/th>\n<td class=\"woocommerce-product-attributes-item__value\"><em>INN: Indapamidum<\/em><\/td>\n<\/tr>\n<tr class=\"woocommerce-product-attributes-item\">\n<th class=\"woocommerce-product-attributes-item__label\" scope=\"row\"><strong>Therapeutic Class<\/strong><\/th>\n<td class=\"woocommerce-product-attributes-item__value\">MILD DIURETICS<\/td>\n<\/tr>\n<tr class=\"woocommerce-product-attributes-item\">\n<th class=\"woocommerce-product-attributes-item__label\" scope=\"row\"><strong>Therapeutic indications<\/strong><\/th>\n<td class=\"woocommerce-product-attributes-item__value\">Essential hypertension.<\/td>\n<\/tr>\n<tr class=\"woocommerce-product-attributes-item\">\n<th class=\"woocommerce-product-attributes-item__label\" scope=\"row\"><strong>Pack size<\/strong><\/th>\n<td class=\"woocommerce-product-attributes-item__value\">Box of 3 blisters of 10 extended-release tablets each<br \/>\nBox of 100 blisters of 10 extended-release tablets each<\/td>\n<\/tr>\n<tr class=\"woocommerce-product-attributes-item\">\n<th class=\"woocommerce-product-attributes-item__label\" scope=\"row\"><strong>Method and route of administration<\/strong><\/th>\n<td class=\"woocommerce-product-attributes-item__value\">The recommended daily dose is 1 Indapamide Slavia 1.5 mg extended-release tablet, preferably in the morning.<br \/>\nAt higher doses the antihypertensive effect of indapamide is not increased, but the saluretic effect is increased. Prolonged-release tablets should be swallowed whole with a glass of water.<\/td>\n<\/tr>\n<tr class=\"woocommerce-product-attributes-item\">\n<th class=\"woocommerce-product-attributes-item__label\" scope=\"row\"><strong>Legal status<\/strong><\/th>\n<td class=\"woocommerce-product-attributes-item__value\">Prescription-only medicine-PRF.<\/td>\n<\/tr>\n<tr class=\"woocommerce-product-attributes-item\">\n<th class=\"woocommerce-product-attributes-item__label\" scope=\"row\"><strong>Shelf life<\/strong><\/th>\n<td class=\"woocommerce-product-attributes-item__value\">2 years in original packaging<\/td>\n<\/tr>\n<tr class=\"woocommerce-product-attributes-item\">\n<th class=\"woocommerce-product-attributes-item__label\" scope=\"row\"><strong>Marketing status<\/strong><\/th>\n<td class=\"woocommerce-product-attributes-item__value\">Currently marketed<\/td>\n<\/tr>\n<\/tbody>\n<\/table>\n<p><a href=\"https:\/\/www.anm.ro\/_\/_PRO\/pro_4094_20.12.11.pdf\" target=\"_blank\" rel=\"noopener\"><strong>Package Leaflet (PL)<\/strong><\/a> - Romanian<br \/>\n<a href=\"https:\/\/www.slaviapharm.ro\/wp-content\/uploads\/2026\/03\/Anexa-1_Indapamida-Slavia-1.5-mg_en_03.2016.pdf\" target=\"_blank\" rel=\"noopener\"><strong>Package Leaflet (PL)<\/strong><\/a> - English<\/p>","protected":false},"excerpt":{"rendered":"<p><strong>Indapamide Slavia 1.5 mg<\/strong> is used to lower high blood pressure (hypertension). The active substance of Indapamide Slavia 1.5 mg is indapamide. Indapamide is a diuretic. Most diuretics increase the amount of urine produced by the kidneys.<\/p>","protected":false},"featured_media":4247,"template":"","meta":[],"product_brand":[],"product_cat":[49],"product_tag":[78],"class_list":{"0":"post-4246","1":"product","2":"type-product","3":"status-publish","4":"has-post-thumbnail","6":"product_cat-medicamente-cu-prescriptie","7":"product_tag-indapamidum","8":"pa_clasa-terapeutica-diuretice-cu-efect-moderat","9":"pa_dci-indapamidum","11":"first","12":"instock","13":"shipping-taxable","14":"product-type-simple"},"yoast_head":"<!-- This site is optimized with the Yoast SEO plugin v27.5 - https:\/\/yoast.com\/product\/yoast-seo-wordpress\/ -->\n<title>Indapamid\u0103 Slavia 1,5 mg comprimate cu eliberare prelungit\u0103 - Slavia Pharm<\/title>\n<meta name=\"robots\" content=\"index, follow, max-snippet:-1, max-image-preview:large, max-video-preview:-1\" \/>\n<link rel=\"canonical\" href=\"https:\/\/www.slaviapharm.ro\/en\/product\/indapamide-slavia-15-mg-extended-release-tablets\/\" \/>\n<meta property=\"og:locale\" content=\"en_US\" \/>\n<meta property=\"og:type\" content=\"article\" \/>\n<meta property=\"og:title\" content=\"Indapamid\u0103 Slavia 1,5 mg comprimate cu eliberare prelungit\u0103 - Slavia Pharm\" \/>\n<meta property=\"og:description\" content=\"Indapamid\u0103 Slavia 1,5 mg este utilizat pentru sc\u0103derea tensiunii arteriale crescute (hipertensiune arterial\u0103). Substan\u0163a activ\u0103 a produsului Indapamid\u0103 Slavia 1,5 mg este indapamida. Indapamida este un diuretic. Majoritatea diureticelor cresc cantitatea de urin\u0103 produs\u0103 de rinichi.\" \/>\n<meta property=\"og:url\" content=\"https:\/\/www.slaviapharm.ro\/en\/product\/indapamide-slavia-15-mg-extended-release-tablets\/\" \/>\n<meta property=\"og:site_name\" content=\"Slavia Pharm\" \/>\n<meta property=\"article:publisher\" content=\"https:\/\/www.facebook.com\/slaviapharm\" \/>\n<meta property=\"article:modified_time\" content=\"2026-03-16T18:54:20+00:00\" \/>\n<meta property=\"og:image\" content=\"https:\/\/www.slaviapharm.ro\/wp-content\/uploads\/2025\/08\/Indapamida-SPH__3D-scaled.png\" \/>\n\t<meta property=\"og:image:width\" content=\"2560\" \/>\n\t<meta property=\"og:image:height\" content=\"2560\" \/>\n\t<meta property=\"og:image:type\" content=\"image\/png\" \/>\n<meta name=\"twitter:card\" content=\"summary_large_image\" \/>\n<meta name=\"twitter:label1\" content=\"Est. reading time\" \/>\n\t<meta name=\"twitter:data1\" content=\"1 minute\" \/>\n<script type=\"application\/ld+json\" class=\"yoast-schema-graph\">{\"@context\":\"https:\\\/\\\/schema.org\",\"@graph\":[{\"@type\":\"WebPage\",\"@id\":\"https:\\\/\\\/www.slaviapharm.ro\\\/product\\\/indapamida-slavia-15-mg-comprimate-cu-eliberare-prelungita\\\/\",\"url\":\"https:\\\/\\\/www.slaviapharm.ro\\\/product\\\/indapamida-slavia-15-mg-comprimate-cu-eliberare-prelungita\\\/\",\"name\":\"Indapamid\u0103 Slavia 1,5 mg comprimate cu eliberare prelungit\u0103 - Slavia Pharm\",\"isPartOf\":{\"@id\":\"https:\\\/\\\/www.slaviapharm.ro\\\/#website\"},\"primaryImageOfPage\":{\"@id\":\"https:\\\/\\\/www.slaviapharm.ro\\\/product\\\/indapamida-slavia-15-mg-comprimate-cu-eliberare-prelungita\\\/#primaryimage\"},\"image\":{\"@id\":\"https:\\\/\\\/www.slaviapharm.ro\\\/product\\\/indapamida-slavia-15-mg-comprimate-cu-eliberare-prelungita\\\/#primaryimage\"},\"thumbnailUrl\":\"https:\\\/\\\/www.slaviapharm.ro\\\/wp-content\\\/uploads\\\/2025\\\/08\\\/Indapamida-SPH__3D-scaled.png\",\"datePublished\":\"2025-08-05T17:00:39+00:00\",\"dateModified\":\"2026-03-16T18:54:20+00:00\",\"breadcrumb\":{\"@id\":\"https:\\\/\\\/www.slaviapharm.ro\\\/product\\\/indapamida-slavia-15-mg-comprimate-cu-eliberare-prelungita\\\/#breadcrumb\"},\"inLanguage\":\"en-US\",\"potentialAction\":[{\"@type\":\"ReadAction\",\"target\":[\"https:\\\/\\\/www.slaviapharm.ro\\\/product\\\/indapamida-slavia-15-mg-comprimate-cu-eliberare-prelungita\\\/\"]}]},{\"@type\":\"ImageObject\",\"inLanguage\":\"en-US\",\"@id\":\"https:\\\/\\\/www.slaviapharm.ro\\\/product\\\/indapamida-slavia-15-mg-comprimate-cu-eliberare-prelungita\\\/#primaryimage\",\"url\":\"https:\\\/\\\/www.slaviapharm.ro\\\/wp-content\\\/uploads\\\/2025\\\/08\\\/Indapamida-SPH__3D-scaled.png\",\"contentUrl\":\"https:\\\/\\\/www.slaviapharm.ro\\\/wp-content\\\/uploads\\\/2025\\\/08\\\/Indapamida-SPH__3D-scaled.png\",\"width\":2560,\"height\":2560},{\"@type\":\"BreadcrumbList\",\"@id\":\"https:\\\/\\\/www.slaviapharm.ro\\\/product\\\/indapamida-slavia-15-mg-comprimate-cu-eliberare-prelungita\\\/#breadcrumb\",\"itemListElement\":[{\"@type\":\"ListItem\",\"position\":1,\"name\":\"Home\",\"item\":\"https:\\\/\\\/www.slaviapharm.ro\\\/\"},{\"@type\":\"ListItem\",\"position\":2,\"name\":\"Produse\",\"item\":\"https:\\\/\\\/www.slaviapharm.ro\\\/produse\\\/\"},{\"@type\":\"ListItem\",\"position\":3,\"name\":\"Indapamid\u0103 Slavia 1,5 mg comprimate cu eliberare prelungit\u0103\"}]},{\"@type\":\"WebSite\",\"@id\":\"https:\\\/\\\/www.slaviapharm.ro\\\/#website\",\"url\":\"https:\\\/\\\/www.slaviapharm.ro\\\/\",\"name\":\"Slavia Pharm\",\"description\":\"Companie produc\u0103toare de medicamente fondat\u0103 \u00een anul 1997.\",\"publisher\":{\"@id\":\"https:\\\/\\\/www.slaviapharm.ro\\\/#organization\"},\"potentialAction\":[{\"@type\":\"SearchAction\",\"target\":{\"@type\":\"EntryPoint\",\"urlTemplate\":\"https:\\\/\\\/www.slaviapharm.ro\\\/?s={search_term_string}\"},\"query-input\":{\"@type\":\"PropertyValueSpecification\",\"valueRequired\":true,\"valueName\":\"search_term_string\"}}],\"inLanguage\":\"en-US\"},{\"@type\":\"Organization\",\"@id\":\"https:\\\/\\\/www.slaviapharm.ro\\\/#organization\",\"name\":\"Slavia Pharm\",\"url\":\"https:\\\/\\\/www.slaviapharm.ro\\\/\",\"logo\":{\"@type\":\"ImageObject\",\"inLanguage\":\"en-US\",\"@id\":\"https:\\\/\\\/www.slaviapharm.ro\\\/#\\\/schema\\\/logo\\\/image\\\/\",\"url\":\"https:\\\/\\\/www.slaviapharm.ro\\\/wp-content\\\/uploads\\\/2025\\\/03\\\/Logo-Slavia-Pharm.png\",\"contentUrl\":\"https:\\\/\\\/www.slaviapharm.ro\\\/wp-content\\\/uploads\\\/2025\\\/03\\\/Logo-Slavia-Pharm.png\",\"width\":585,\"height\":191,\"caption\":\"Slavia Pharm\"},\"image\":{\"@id\":\"https:\\\/\\\/www.slaviapharm.ro\\\/#\\\/schema\\\/logo\\\/image\\\/\"},\"sameAs\":[\"https:\\\/\\\/www.facebook.com\\\/slaviapharm\",\"https:\\\/\\\/www.linkedin.com\\\/company\\\/slavia-pharm\\\/about\\\/\"]}]}<\/script>\n<!-- \/ Yoast SEO plugin. -->","yoast_head_json":{"title":"Indapamide Slavia 1,5 mg extended-release tablets - Slavia Pharm","robots":{"index":"index","follow":"follow","max-snippet":"max-snippet:-1","max-image-preview":"max-image-preview:large","max-video-preview":"max-video-preview:-1"},"canonical":"https:\/\/www.slaviapharm.ro\/en\/product\/indapamide-slavia-15-mg-extended-release-tablets\/","og_locale":"en_US","og_type":"article","og_title":"Indapamid\u0103 Slavia 1,5 mg comprimate cu eliberare prelungit\u0103 - Slavia Pharm","og_description":"Indapamid\u0103 Slavia 1,5 mg este utilizat pentru sc\u0103derea tensiunii arteriale crescute (hipertensiune arterial\u0103). Substan\u0163a activ\u0103 a produsului Indapamid\u0103 Slavia 1,5 mg este indapamida. Indapamida este un diuretic. Majoritatea diureticelor cresc cantitatea de urin\u0103 produs\u0103 de rinichi.","og_url":"https:\/\/www.slaviapharm.ro\/en\/product\/indapamide-slavia-15-mg-extended-release-tablets\/","og_site_name":"Slavia Pharm","article_publisher":"https:\/\/www.facebook.com\/slaviapharm","article_modified_time":"2026-03-16T18:54:20+00:00","og_image":[{"width":2560,"height":2560,"url":"https:\/\/www.slaviapharm.ro\/wp-content\/uploads\/2025\/08\/Indapamida-SPH__3D-scaled.png","type":"image\/png"}],"twitter_card":"summary_large_image","twitter_misc":{"Est. reading time":"1 minute"},"schema":{"@context":"https:\/\/schema.org","@graph":[{"@type":"WebPage","@id":"https:\/\/www.slaviapharm.ro\/product\/indapamida-slavia-15-mg-comprimate-cu-eliberare-prelungita\/","url":"https:\/\/www.slaviapharm.ro\/product\/indapamida-slavia-15-mg-comprimate-cu-eliberare-prelungita\/","name":"Indapamide Slavia 1,5 mg extended-release tablets - Slavia Pharm","isPartOf":{"@id":"https:\/\/www.slaviapharm.ro\/#website"},"primaryImageOfPage":{"@id":"https:\/\/www.slaviapharm.ro\/product\/indapamida-slavia-15-mg-comprimate-cu-eliberare-prelungita\/#primaryimage"},"image":{"@id":"https:\/\/www.slaviapharm.ro\/product\/indapamida-slavia-15-mg-comprimate-cu-eliberare-prelungita\/#primaryimage"},"thumbnailUrl":"https:\/\/www.slaviapharm.ro\/wp-content\/uploads\/2025\/08\/Indapamida-SPH__3D-scaled.png","datePublished":"2025-08-05T17:00:39+00:00","dateModified":"2026-03-16T18:54:20+00:00","breadcrumb":{"@id":"https:\/\/www.slaviapharm.ro\/product\/indapamida-slavia-15-mg-comprimate-cu-eliberare-prelungita\/#breadcrumb"},"inLanguage":"en-US","potentialAction":[{"@type":"ReadAction","target":["https:\/\/www.slaviapharm.ro\/product\/indapamida-slavia-15-mg-comprimate-cu-eliberare-prelungita\/"]}]},{"@type":"ImageObject","inLanguage":"en-US","@id":"https:\/\/www.slaviapharm.ro\/product\/indapamida-slavia-15-mg-comprimate-cu-eliberare-prelungita\/#primaryimage","url":"https:\/\/www.slaviapharm.ro\/wp-content\/uploads\/2025\/08\/Indapamida-SPH__3D-scaled.png","contentUrl":"https:\/\/www.slaviapharm.ro\/wp-content\/uploads\/2025\/08\/Indapamida-SPH__3D-scaled.png","width":2560,"height":2560},{"@type":"BreadcrumbList","@id":"https:\/\/www.slaviapharm.ro\/product\/indapamida-slavia-15-mg-comprimate-cu-eliberare-prelungita\/#breadcrumb","itemListElement":[{"@type":"ListItem","position":1,"name":"Home","item":"https:\/\/www.slaviapharm.ro\/"},{"@type":"ListItem","position":2,"name":"Produse","item":"https:\/\/www.slaviapharm.ro\/produse\/"},{"@type":"ListItem","position":3,"name":"Indapamid\u0103 Slavia 1,5 mg comprimate cu eliberare prelungit\u0103"}]},{"@type":"WebSite","@id":"https:\/\/www.slaviapharm.ro\/#website","url":"https:\/\/www.slaviapharm.ro\/","name":"Slavia Pharm","description":"Drug manufacturing company founded in 1997.","publisher":{"@id":"https:\/\/www.slaviapharm.ro\/#organization"},"potentialAction":[{"@type":"SearchAction","target":{"@type":"EntryPoint","urlTemplate":"https:\/\/www.slaviapharm.ro\/?s={search_term_string}"},"query-input":{"@type":"PropertyValueSpecification","valueRequired":true,"valueName":"search_term_string"}}],"inLanguage":"en-US"},{"@type":"Organization","@id":"https:\/\/www.slaviapharm.ro\/#organization","name":"Slavia Pharm","url":"https:\/\/www.slaviapharm.ro\/","logo":{"@type":"ImageObject","inLanguage":"en-US","@id":"https:\/\/www.slaviapharm.ro\/#\/schema\/logo\/image\/","url":"https:\/\/www.slaviapharm.ro\/wp-content\/uploads\/2025\/03\/Logo-Slavia-Pharm.png","contentUrl":"https:\/\/www.slaviapharm.ro\/wp-content\/uploads\/2025\/03\/Logo-Slavia-Pharm.png","width":585,"height":191,"caption":"Slavia Pharm"},"image":{"@id":"https:\/\/www.slaviapharm.ro\/#\/schema\/logo\/image\/"},"sameAs":["https:\/\/www.facebook.com\/slaviapharm","https:\/\/www.linkedin.com\/company\/slavia-pharm\/about\/"]}]}},"_links":{"self":[{"href":"https:\/\/www.slaviapharm.ro\/en\/wp-json\/wp\/v2\/product\/4246","targetHints":{"allow":["GET"]}}],"collection":[{"href":"https:\/\/www.slaviapharm.ro\/en\/wp-json\/wp\/v2\/product"}],"about":[{"href":"https:\/\/www.slaviapharm.ro\/en\/wp-json\/wp\/v2\/types\/product"}],"wp:featuredmedia":[{"embeddable":true,"href":"https:\/\/www.slaviapharm.ro\/en\/wp-json\/wp\/v2\/media\/4247"}],"wp:attachment":[{"href":"https:\/\/www.slaviapharm.ro\/en\/wp-json\/wp\/v2\/media?parent=4246"}],"wp:term":[{"taxonomy":"product_brand","embeddable":true,"href":"https:\/\/www.slaviapharm.ro\/en\/wp-json\/wp\/v2\/product_brand?post=4246"},{"taxonomy":"product_cat","embeddable":true,"href":"https:\/\/www.slaviapharm.ro\/en\/wp-json\/wp\/v2\/product_cat?post=4246"},{"taxonomy":"product_tag","embeddable":true,"href":"https:\/\/www.slaviapharm.ro\/en\/wp-json\/wp\/v2\/product_tag?post=4246"}],"curies":[{"name":"wp","href":"https:\/\/api.w.org\/{rel}","templated":true}]}}