{"id":4222,"date":"2025-07-31T16:07:51","date_gmt":"2025-07-31T16:07:51","guid":{"rendered":"https:\/\/www.slaviapharm.ro\/?post_type=product&#038;p=4222"},"modified":"2026-03-18T13:58:02","modified_gmt":"2026-03-18T13:58:02","slug":"ginkgo-biloba-slavia-80-mg-capsule","status":"publish","type":"product","link":"https:\/\/www.slaviapharm.ro\/en\/product\/ginkgo-biloba-slavia-80-mg-capsule\/","title":{"rendered":"Ginkgo Biloba Slavia 80 mg capsules"},"content":{"rendered":"<table class=\"woocommerce-product-attributes shop_attributes\" aria-label=\"Product details\">\n<tbody>\n<tr class=\"woocommerce-product-attributes-item\">\n<th class=\"woocommerce-product-attributes-item__label\" scope=\"row\"><strong>Active substance<\/strong><\/th>\n<td class=\"woocommerce-product-attributes-item__value\"><em>DCI: GINKGO BILOBA<\/em><\/td>\n<\/tr>\n<tr class=\"woocommerce-product-attributes-item\">\n<th class=\"woocommerce-product-attributes-item__label\" scope=\"row\"><strong>Therapeutic Class<\/strong><\/th>\n<td class=\"woocommerce-product-attributes-item__value\">MEDICINES TO TREAT DEMENTIA<\/td>\n<\/tr>\n<tr class=\"woocommerce-product-attributes-item\">\n<th class=\"woocommerce-product-attributes-item__label\" scope=\"row\"><strong>Therapeutic indications<\/strong><\/th>\n<td class=\"woocommerce-product-attributes-item__value\">Ginkgo Biloba Slavia 80 mg capsules is indicated in adult and elderly patients for the improvement of age-related cognitive impairment and quality of life in mild dementia.<\/td>\n<\/tr>\n<tr class=\"woocommerce-product-attributes-item\">\n<th class=\"woocommerce-product-attributes-item__label\" scope=\"row\"><strong>Pack size<\/strong><\/th>\n<td class=\"woocommerce-product-attributes-item__value\">Box with 2 blisters of 10 capsules each<br \/>\nBox of 3 blisters of 10 capsules each<\/td>\n<\/tr>\n<tr class=\"woocommerce-product-attributes-item\">\n<th class=\"woocommerce-product-attributes-item__label\" scope=\"row\"><strong>Method and route of administration<\/strong><\/th>\n<td class=\"woocommerce-product-attributes-item__value\">The capsules should be swallowed whole with plenty of water after a meal.<\/td>\n<\/tr>\n<tr class=\"woocommerce-product-attributes-item\">\n<th class=\"woocommerce-product-attributes-item__label\" scope=\"row\"><strong>Legal status<\/strong><\/th>\n<td class=\"woocommerce-product-attributes-item__value\">Prescription medicine-P6L<\/td>\n<\/tr>\n<tr class=\"woocommerce-product-attributes-item\">\n<th class=\"woocommerce-product-attributes-item__label\" scope=\"row\"><strong>Shelf life<\/strong><\/th>\n<td class=\"woocommerce-product-attributes-item__value\">3 years in original packaging<\/td>\n<\/tr>\n<tr class=\"woocommerce-product-attributes-item\">\n<th class=\"woocommerce-product-attributes-item__label\" scope=\"row\"><strong>Marketing status<\/strong><\/th>\n<td class=\"woocommerce-product-attributes-item__value\">Currently marketed<\/td>\n<\/tr>\n<\/tbody>\n<\/table>\n<p><a href=\"https:\/\/www.anm.ro\/_\/_PRO\/PRO_16075_26.05.25.pdf\" target=\"_blank\" rel=\"noopener\"><strong>Package Leaflet (PL)<\/strong><\/a> - Romanian<br \/>\n<a href=\"https:\/\/www.slaviapharm.ro\/wp-content\/uploads\/2026\/03\/Anexa-1_Ginkgo-Biloba-80-mg_en_05.2025.pdf\" target=\"_blank\" rel=\"noopener\"><strong>Package Leaflet (PL)<\/strong><\/a> - English<\/p>","protected":false},"excerpt":{"rendered":"<p><strong>Ginkgo Biloba Slavia 80 mg capsules<\/strong> is indicated in adult and elderly patients to improve age-related cognitive impairment and quality of life in mild dementia.<\/p>","protected":false},"featured_media":4223,"template":"","meta":[],"product_brand":[],"product_cat":[49],"product_tag":[74],"class_list":{"0":"post-4222","1":"product","2":"type-product","3":"status-publish","4":"has-post-thumbnail","6":"product_cat-medicamente-cu-prescriptie","7":"product_tag-ginkgo-biloba","8":"pa_clasa-terapeutica-medicamente-pentru-tratamentul-dementei","9":"pa_dci-ginkgo-biloba","11":"first","12":"instock","13":"shipping-taxable","14":"product-type-simple"},"yoast_head":"<!-- This site is optimized with the Yoast SEO plugin v27.4 - https:\/\/yoast.com\/product\/yoast-seo-wordpress\/ -->\n<title>Ginkgo Biloba Slavia 80 mg capsule - Slavia Pharm<\/title>\n<meta name=\"robots\" content=\"index, follow, max-snippet:-1, max-image-preview:large, max-video-preview:-1\" \/>\n<link rel=\"canonical\" href=\"https:\/\/www.slaviapharm.ro\/en\/product\/ginkgo-biloba-slavia-80-mg-capsule\/\" \/>\n<meta property=\"og:locale\" content=\"en_US\" \/>\n<meta property=\"og:type\" content=\"article\" \/>\n<meta property=\"og:title\" content=\"Ginkgo Biloba Slavia 80 mg capsule - Slavia Pharm\" \/>\n<meta property=\"og:description\" content=\"Ginkgo Biloba Slavia 80 mg capsule este indicat la pacien\u0163ii adul\u0163i \u015fi v\u00e2rstnici pentru ameliorarea deficitului cognitiv asociat v\u00e2rstei \u015fi a calit\u0103\u0163ii vie\u0163ii \u00een demen\u0163a u\u015foar\u0103.\" \/>\n<meta property=\"og:url\" content=\"https:\/\/www.slaviapharm.ro\/en\/product\/ginkgo-biloba-slavia-80-mg-capsule\/\" \/>\n<meta property=\"og:site_name\" content=\"Slavia Pharm\" \/>\n<meta property=\"article:publisher\" content=\"https:\/\/www.facebook.com\/slaviapharm\" \/>\n<meta property=\"article:modified_time\" content=\"2026-03-18T13:58:02+00:00\" \/>\n<meta property=\"og:image\" content=\"https:\/\/www.slaviapharm.ro\/wp-content\/uploads\/2025\/07\/Ginkgo-Biloba-80-mg_3D-scaled.png\" \/>\n\t<meta property=\"og:image:width\" content=\"2560\" \/>\n\t<meta property=\"og:image:height\" content=\"2560\" \/>\n\t<meta property=\"og:image:type\" content=\"image\/png\" \/>\n<meta name=\"twitter:card\" content=\"summary_large_image\" \/>\n<meta name=\"twitter:label1\" content=\"Est. reading time\" \/>\n\t<meta name=\"twitter:data1\" content=\"1 minute\" \/>\n<script type=\"application\/ld+json\" class=\"yoast-schema-graph\">{\"@context\":\"https:\\\/\\\/schema.org\",\"@graph\":[{\"@type\":\"WebPage\",\"@id\":\"https:\\\/\\\/www.slaviapharm.ro\\\/product\\\/ginkgo-biloba-slavia-80-mg-capsule\\\/\",\"url\":\"https:\\\/\\\/www.slaviapharm.ro\\\/product\\\/ginkgo-biloba-slavia-80-mg-capsule\\\/\",\"name\":\"Ginkgo Biloba Slavia 80 mg capsule - Slavia Pharm\",\"isPartOf\":{\"@id\":\"https:\\\/\\\/www.slaviapharm.ro\\\/#website\"},\"primaryImageOfPage\":{\"@id\":\"https:\\\/\\\/www.slaviapharm.ro\\\/product\\\/ginkgo-biloba-slavia-80-mg-capsule\\\/#primaryimage\"},\"image\":{\"@id\":\"https:\\\/\\\/www.slaviapharm.ro\\\/product\\\/ginkgo-biloba-slavia-80-mg-capsule\\\/#primaryimage\"},\"thumbnailUrl\":\"https:\\\/\\\/www.slaviapharm.ro\\\/wp-content\\\/uploads\\\/2025\\\/07\\\/Ginkgo-Biloba-80-mg_3D-scaled.png\",\"datePublished\":\"2025-07-31T16:07:51+00:00\",\"dateModified\":\"2026-03-18T13:58:02+00:00\",\"breadcrumb\":{\"@id\":\"https:\\\/\\\/www.slaviapharm.ro\\\/product\\\/ginkgo-biloba-slavia-80-mg-capsule\\\/#breadcrumb\"},\"inLanguage\":\"en-US\",\"potentialAction\":[{\"@type\":\"ReadAction\",\"target\":[\"https:\\\/\\\/www.slaviapharm.ro\\\/product\\\/ginkgo-biloba-slavia-80-mg-capsule\\\/\"]}]},{\"@type\":\"ImageObject\",\"inLanguage\":\"en-US\",\"@id\":\"https:\\\/\\\/www.slaviapharm.ro\\\/product\\\/ginkgo-biloba-slavia-80-mg-capsule\\\/#primaryimage\",\"url\":\"https:\\\/\\\/www.slaviapharm.ro\\\/wp-content\\\/uploads\\\/2025\\\/07\\\/Ginkgo-Biloba-80-mg_3D-scaled.png\",\"contentUrl\":\"https:\\\/\\\/www.slaviapharm.ro\\\/wp-content\\\/uploads\\\/2025\\\/07\\\/Ginkgo-Biloba-80-mg_3D-scaled.png\",\"width\":2560,\"height\":2560},{\"@type\":\"BreadcrumbList\",\"@id\":\"https:\\\/\\\/www.slaviapharm.ro\\\/product\\\/ginkgo-biloba-slavia-80-mg-capsule\\\/#breadcrumb\",\"itemListElement\":[{\"@type\":\"ListItem\",\"position\":1,\"name\":\"Home\",\"item\":\"https:\\\/\\\/www.slaviapharm.ro\\\/\"},{\"@type\":\"ListItem\",\"position\":2,\"name\":\"Produse\",\"item\":\"https:\\\/\\\/www.slaviapharm.ro\\\/produse\\\/\"},{\"@type\":\"ListItem\",\"position\":3,\"name\":\"Ginkgo Biloba Slavia 80 mg capsule\"}]},{\"@type\":\"WebSite\",\"@id\":\"https:\\\/\\\/www.slaviapharm.ro\\\/#website\",\"url\":\"https:\\\/\\\/www.slaviapharm.ro\\\/\",\"name\":\"Slavia Pharm\",\"description\":\"Companie produc\u0103toare de medicamente fondat\u0103 \u00een anul 1997.\",\"publisher\":{\"@id\":\"https:\\\/\\\/www.slaviapharm.ro\\\/#organization\"},\"potentialAction\":[{\"@type\":\"SearchAction\",\"target\":{\"@type\":\"EntryPoint\",\"urlTemplate\":\"https:\\\/\\\/www.slaviapharm.ro\\\/?s={search_term_string}\"},\"query-input\":{\"@type\":\"PropertyValueSpecification\",\"valueRequired\":true,\"valueName\":\"search_term_string\"}}],\"inLanguage\":\"en-US\"},{\"@type\":\"Organization\",\"@id\":\"https:\\\/\\\/www.slaviapharm.ro\\\/#organization\",\"name\":\"Slavia Pharm\",\"url\":\"https:\\\/\\\/www.slaviapharm.ro\\\/\",\"logo\":{\"@type\":\"ImageObject\",\"inLanguage\":\"en-US\",\"@id\":\"https:\\\/\\\/www.slaviapharm.ro\\\/#\\\/schema\\\/logo\\\/image\\\/\",\"url\":\"https:\\\/\\\/www.slaviapharm.ro\\\/wp-content\\\/uploads\\\/2025\\\/03\\\/Logo-Slavia-Pharm.png\",\"contentUrl\":\"https:\\\/\\\/www.slaviapharm.ro\\\/wp-content\\\/uploads\\\/2025\\\/03\\\/Logo-Slavia-Pharm.png\",\"width\":585,\"height\":191,\"caption\":\"Slavia Pharm\"},\"image\":{\"@id\":\"https:\\\/\\\/www.slaviapharm.ro\\\/#\\\/schema\\\/logo\\\/image\\\/\"},\"sameAs\":[\"https:\\\/\\\/www.facebook.com\\\/slaviapharm\",\"https:\\\/\\\/www.linkedin.com\\\/company\\\/slavia-pharm\\\/about\\\/\"]}]}<\/script>\n<!-- \/ Yoast SEO plugin. -->","yoast_head_json":{"title":"Ginkgo Biloba Slavia 80 mg capsule - Slavia Pharm","robots":{"index":"index","follow":"follow","max-snippet":"max-snippet:-1","max-image-preview":"max-image-preview:large","max-video-preview":"max-video-preview:-1"},"canonical":"https:\/\/www.slaviapharm.ro\/en\/product\/ginkgo-biloba-slavia-80-mg-capsule\/","og_locale":"en_US","og_type":"article","og_title":"Ginkgo Biloba Slavia 80 mg capsule - Slavia Pharm","og_description":"Ginkgo Biloba Slavia 80 mg capsule este indicat la pacien\u0163ii adul\u0163i \u015fi v\u00e2rstnici pentru ameliorarea deficitului cognitiv asociat v\u00e2rstei \u015fi a calit\u0103\u0163ii vie\u0163ii \u00een demen\u0163a u\u015foar\u0103.","og_url":"https:\/\/www.slaviapharm.ro\/en\/product\/ginkgo-biloba-slavia-80-mg-capsule\/","og_site_name":"Slavia Pharm","article_publisher":"https:\/\/www.facebook.com\/slaviapharm","article_modified_time":"2026-03-18T13:58:02+00:00","og_image":[{"width":2560,"height":2560,"url":"https:\/\/www.slaviapharm.ro\/wp-content\/uploads\/2025\/07\/Ginkgo-Biloba-80-mg_3D-scaled.png","type":"image\/png"}],"twitter_card":"summary_large_image","twitter_misc":{"Est. reading time":"1 minute"},"schema":{"@context":"https:\/\/schema.org","@graph":[{"@type":"WebPage","@id":"https:\/\/www.slaviapharm.ro\/product\/ginkgo-biloba-slavia-80-mg-capsule\/","url":"https:\/\/www.slaviapharm.ro\/product\/ginkgo-biloba-slavia-80-mg-capsule\/","name":"Ginkgo Biloba Slavia 80 mg capsule - Slavia Pharm","isPartOf":{"@id":"https:\/\/www.slaviapharm.ro\/#website"},"primaryImageOfPage":{"@id":"https:\/\/www.slaviapharm.ro\/product\/ginkgo-biloba-slavia-80-mg-capsule\/#primaryimage"},"image":{"@id":"https:\/\/www.slaviapharm.ro\/product\/ginkgo-biloba-slavia-80-mg-capsule\/#primaryimage"},"thumbnailUrl":"https:\/\/www.slaviapharm.ro\/wp-content\/uploads\/2025\/07\/Ginkgo-Biloba-80-mg_3D-scaled.png","datePublished":"2025-07-31T16:07:51+00:00","dateModified":"2026-03-18T13:58:02+00:00","breadcrumb":{"@id":"https:\/\/www.slaviapharm.ro\/product\/ginkgo-biloba-slavia-80-mg-capsule\/#breadcrumb"},"inLanguage":"en-US","potentialAction":[{"@type":"ReadAction","target":["https:\/\/www.slaviapharm.ro\/product\/ginkgo-biloba-slavia-80-mg-capsule\/"]}]},{"@type":"ImageObject","inLanguage":"en-US","@id":"https:\/\/www.slaviapharm.ro\/product\/ginkgo-biloba-slavia-80-mg-capsule\/#primaryimage","url":"https:\/\/www.slaviapharm.ro\/wp-content\/uploads\/2025\/07\/Ginkgo-Biloba-80-mg_3D-scaled.png","contentUrl":"https:\/\/www.slaviapharm.ro\/wp-content\/uploads\/2025\/07\/Ginkgo-Biloba-80-mg_3D-scaled.png","width":2560,"height":2560},{"@type":"BreadcrumbList","@id":"https:\/\/www.slaviapharm.ro\/product\/ginkgo-biloba-slavia-80-mg-capsule\/#breadcrumb","itemListElement":[{"@type":"ListItem","position":1,"name":"Home","item":"https:\/\/www.slaviapharm.ro\/"},{"@type":"ListItem","position":2,"name":"Produse","item":"https:\/\/www.slaviapharm.ro\/produse\/"},{"@type":"ListItem","position":3,"name":"Ginkgo Biloba Slavia 80 mg capsule"}]},{"@type":"WebSite","@id":"https:\/\/www.slaviapharm.ro\/#website","url":"https:\/\/www.slaviapharm.ro\/","name":"Slavia Pharm","description":"Drug manufacturing company founded in 1997.","publisher":{"@id":"https:\/\/www.slaviapharm.ro\/#organization"},"potentialAction":[{"@type":"SearchAction","target":{"@type":"EntryPoint","urlTemplate":"https:\/\/www.slaviapharm.ro\/?s={search_term_string}"},"query-input":{"@type":"PropertyValueSpecification","valueRequired":true,"valueName":"search_term_string"}}],"inLanguage":"en-US"},{"@type":"Organization","@id":"https:\/\/www.slaviapharm.ro\/#organization","name":"Slavia Pharm","url":"https:\/\/www.slaviapharm.ro\/","logo":{"@type":"ImageObject","inLanguage":"en-US","@id":"https:\/\/www.slaviapharm.ro\/#\/schema\/logo\/image\/","url":"https:\/\/www.slaviapharm.ro\/wp-content\/uploads\/2025\/03\/Logo-Slavia-Pharm.png","contentUrl":"https:\/\/www.slaviapharm.ro\/wp-content\/uploads\/2025\/03\/Logo-Slavia-Pharm.png","width":585,"height":191,"caption":"Slavia Pharm"},"image":{"@id":"https:\/\/www.slaviapharm.ro\/#\/schema\/logo\/image\/"},"sameAs":["https:\/\/www.facebook.com\/slaviapharm","https:\/\/www.linkedin.com\/company\/slavia-pharm\/about\/"]}]}},"_links":{"self":[{"href":"https:\/\/www.slaviapharm.ro\/en\/wp-json\/wp\/v2\/product\/4222","targetHints":{"allow":["GET"]}}],"collection":[{"href":"https:\/\/www.slaviapharm.ro\/en\/wp-json\/wp\/v2\/product"}],"about":[{"href":"https:\/\/www.slaviapharm.ro\/en\/wp-json\/wp\/v2\/types\/product"}],"wp:featuredmedia":[{"embeddable":true,"href":"https:\/\/www.slaviapharm.ro\/en\/wp-json\/wp\/v2\/media\/4223"}],"wp:attachment":[{"href":"https:\/\/www.slaviapharm.ro\/en\/wp-json\/wp\/v2\/media?parent=4222"}],"wp:term":[{"taxonomy":"product_brand","embeddable":true,"href":"https:\/\/www.slaviapharm.ro\/en\/wp-json\/wp\/v2\/product_brand?post=4222"},{"taxonomy":"product_cat","embeddable":true,"href":"https:\/\/www.slaviapharm.ro\/en\/wp-json\/wp\/v2\/product_cat?post=4222"},{"taxonomy":"product_tag","embeddable":true,"href":"https:\/\/www.slaviapharm.ro\/en\/wp-json\/wp\/v2\/product_tag?post=4222"}],"curies":[{"name":"wp","href":"https:\/\/api.w.org\/{rel}","templated":true}]}}