{"id":3421,"date":"2025-03-22T09:36:35","date_gmt":"2025-03-22T09:36:35","guid":{"rendered":"https:\/\/www.slaviapharm.ro\/?post_type=product&#038;p=3421"},"modified":"2026-03-16T18:45:59","modified_gmt":"2026-03-16T18:45:59","slug":"acyclovir-slavia-200mg-capsules","status":"publish","type":"product","link":"https:\/\/www.slaviapharm.ro\/en\/product\/aciclovir-slavia-200mg-capsule\/","title":{"rendered":"Acyclovir Slavia 200mg capsules"},"content":{"rendered":"<table class=\"woocommerce-product-attributes shop_attributes\" aria-label=\"Product details\">\n<tbody>\n<tr class=\"woocommerce-product-attributes-item\">\n<th class=\"woocommerce-product-attributes-item__label\" scope=\"row\"><strong>Active substance<\/strong><\/th>\n<td class=\"woocommerce-product-attributes-item__value\"><em>INN: Aciclovirum<\/em><\/td>\n<\/tr>\n<tr class=\"woocommerce-product-attributes-item\">\n<th class=\"woocommerce-product-attributes-item__label\" scope=\"row\"><strong>Therapeutic Class<\/strong><\/th>\n<td class=\"woocommerce-product-attributes-item__value\">DIRECT-ACTING ANTIVIRALS - NUCLEOSIDES and NUCLEOTIDES<\/td>\n<\/tr>\n<tr class=\"woocommerce-product-attributes-item\">\n<th class=\"woocommerce-product-attributes-item__label\" scope=\"row\"><strong>Therapeutic indications<\/strong><\/th>\n<td class=\"woocommerce-product-attributes-item__value\">Treatment of primary or recurrent mucocutaneous herpetic infections (including genital localization), caused by the herpes simplex virus.<\/td>\n<\/tr>\n<tr class=\"woocommerce-product-attributes-item\">\n<th class=\"woocommerce-product-attributes-item__label\" scope=\"row\"><strong>Pack size<\/strong><\/th>\n<td class=\"woocommerce-product-attributes-item__value\">Box with 2 blisters of 10 capsules each<\/td>\n<\/tr>\n<tr class=\"woocommerce-product-attributes-item\">\n<th class=\"woocommerce-product-attributes-item__label\" scope=\"row\"><strong>Method and route of administration<\/strong><\/th>\n<td class=\"woocommerce-product-attributes-item__value\">Always use this medicine exactly as your doctor or pharmacist has told you<\/td>\n<\/tr>\n<tr class=\"woocommerce-product-attributes-item\">\n<th class=\"woocommerce-product-attributes-item__label\" scope=\"row\"><strong>Legal status<\/strong><\/th>\n<td class=\"woocommerce-product-attributes-item__value\">Prescription-only drug PRF<\/td>\n<\/tr>\n<tr class=\"woocommerce-product-attributes-item\">\n<th class=\"woocommerce-product-attributes-item__label\" scope=\"row\"><strong>Shelf life<\/strong><\/th>\n<td class=\"woocommerce-product-attributes-item__value\">3 years in original packaging<\/td>\n<\/tr>\n<tr class=\"woocommerce-product-attributes-item\">\n<th class=\"woocommerce-product-attributes-item__label\" scope=\"row\"><strong>Marketing status<\/strong><\/th>\n<td class=\"woocommerce-product-attributes-item__value\">Currently marketed<\/td>\n<\/tr>\n<\/tbody>\n<\/table>\n<p><a href=\"https:\/\/www.anm.ro\/_\/_PRO\/PRO_11436_18.02.19.pdf\" target=\"_blank\" rel=\"noopener\"><strong>Package Leaflet (PL)<\/strong><\/a> - Romanian<br \/>\n<a href=\"https:\/\/www.slaviapharm.ro\/wp-content\/uploads\/2026\/03\/Anexa-1_Aciclovir-Slavia-200-mg_en_07.2022.pdf\" target=\"_blank\" rel=\"noopener\"><strong>Package Leaflet (PL)<\/strong><\/a> - English<\/p>","protected":false},"excerpt":{"rendered":"<p><strong>Acyclovir Slavia<\/strong> is an antiviral medicine for systemic use. It works by destroying or stopping the replication of viruses.<\/p>\n<p><strong>Acyclovir Slavia cream is used for:<\/strong><\/p>\n<ul>\n<li>Treatment of primary or recurrent mucocutaneous herpetic infections (including genital localization), caused by the herpes simplex virus (HSV) (excluding neonatal HSV and severe HSV infections in immunocompromised children);<\/li>\n<li>Prevention of recurrent HSV infections in immunocompetent patients;<\/li>\n<li>Treatment of varicella-zoster virus (VZV) infections.<\/li>\n<\/ul>","protected":false},"featured_media":3422,"template":"","meta":[],"product_brand":[],"product_cat":[49],"product_tag":[53],"class_list":{"0":"post-3421","1":"product","2":"type-product","3":"status-publish","4":"has-post-thumbnail","6":"product_cat-medicamente-cu-prescriptie","7":"product_tag-aciclovirum","8":"pa_clasa-terapeutica-antivirale-cu-actiune-directa-nucleozide-nucleotide","9":"pa_dci-aciclovirum","11":"first","12":"instock","13":"shipping-taxable","14":"product-type-simple"},"yoast_head":"<!-- This site is optimized with the Yoast SEO plugin v27.5 - https:\/\/yoast.com\/product\/yoast-seo-wordpress\/ -->\n<title>Aciclovir Slavia 200mg capsule - Slavia Pharm<\/title>\n<meta name=\"robots\" content=\"index, follow, max-snippet:-1, max-image-preview:large, max-video-preview:-1\" \/>\n<link rel=\"canonical\" href=\"https:\/\/www.slaviapharm.ro\/en\/product\/acyclovir-slavia-200mg-capsules\/\" \/>\n<meta property=\"og:locale\" content=\"en_US\" \/>\n<meta property=\"og:type\" content=\"article\" \/>\n<meta property=\"og:title\" content=\"Aciclovir Slavia 200mg capsule - Slavia Pharm\" \/>\n<meta property=\"og:description\" content=\"Aciclovir Slavia este un antiviral de uz sistemic. Acesta ac\u021bioneaz\u0103 prin distrugerea sau oprirea cre\u0219terii virusurilor.  Aciclovir Slavia este utilizat pentru:   Tratamentul infec\u0163iilor herpetice cutaneo-mucoase (inclusiv cu localizare genital\u0103) primare sau recurente, determinate de virusul herpes simplex (VHS) (excluz\u00e2nd VHS neonatal \u015fi infec\u0163ii severe cu VHS la copii imunodeprima\u0163i);  Prevenirea infec\u0163iilor recurente determinate de VHS la pacien\u0163i imunocompeten\u021bi;  Tratamentul infec\u0163iilor cu virus varicelo-zosterian (VVZ).\" \/>\n<meta property=\"og:url\" content=\"https:\/\/www.slaviapharm.ro\/en\/product\/acyclovir-slavia-200mg-capsules\/\" \/>\n<meta property=\"og:site_name\" content=\"Slavia Pharm\" \/>\n<meta property=\"article:publisher\" content=\"https:\/\/www.facebook.com\/slaviapharm\" \/>\n<meta property=\"article:modified_time\" content=\"2026-03-16T18:45:59+00:00\" \/>\n<meta property=\"og:image\" content=\"https:\/\/www.slaviapharm.ro\/wp-content\/uploads\/2025\/03\/Aciclovir-_var-B-1280x1280.png\" \/>\n\t<meta property=\"og:image:width\" content=\"1280\" \/>\n\t<meta property=\"og:image:height\" content=\"1280\" \/>\n\t<meta property=\"og:image:type\" content=\"image\/png\" \/>\n<meta name=\"twitter:card\" content=\"summary_large_image\" \/>\n<meta name=\"twitter:label1\" content=\"Est. reading time\" \/>\n\t<meta name=\"twitter:data1\" content=\"1 minute\" \/>\n<script type=\"application\/ld+json\" class=\"yoast-schema-graph\">{\"@context\":\"https:\\\/\\\/schema.org\",\"@graph\":[{\"@type\":\"WebPage\",\"@id\":\"https:\\\/\\\/www.slaviapharm.ro\\\/product\\\/aciclovir-slavia-200mg-capsule\\\/\",\"url\":\"https:\\\/\\\/www.slaviapharm.ro\\\/product\\\/aciclovir-slavia-200mg-capsule\\\/\",\"name\":\"Aciclovir Slavia 200mg capsule - Slavia Pharm\",\"isPartOf\":{\"@id\":\"https:\\\/\\\/www.slaviapharm.ro\\\/#website\"},\"primaryImageOfPage\":{\"@id\":\"https:\\\/\\\/www.slaviapharm.ro\\\/product\\\/aciclovir-slavia-200mg-capsule\\\/#primaryimage\"},\"image\":{\"@id\":\"https:\\\/\\\/www.slaviapharm.ro\\\/product\\\/aciclovir-slavia-200mg-capsule\\\/#primaryimage\"},\"thumbnailUrl\":\"https:\\\/\\\/www.slaviapharm.ro\\\/wp-content\\\/uploads\\\/2025\\\/03\\\/Aciclovir-_var-B.png\",\"datePublished\":\"2025-03-22T09:36:35+00:00\",\"dateModified\":\"2026-03-16T18:45:59+00:00\",\"breadcrumb\":{\"@id\":\"https:\\\/\\\/www.slaviapharm.ro\\\/product\\\/aciclovir-slavia-200mg-capsule\\\/#breadcrumb\"},\"inLanguage\":\"en-US\",\"potentialAction\":[{\"@type\":\"ReadAction\",\"target\":[\"https:\\\/\\\/www.slaviapharm.ro\\\/product\\\/aciclovir-slavia-200mg-capsule\\\/\"]}]},{\"@type\":\"ImageObject\",\"inLanguage\":\"en-US\",\"@id\":\"https:\\\/\\\/www.slaviapharm.ro\\\/product\\\/aciclovir-slavia-200mg-capsule\\\/#primaryimage\",\"url\":\"https:\\\/\\\/www.slaviapharm.ro\\\/wp-content\\\/uploads\\\/2025\\\/03\\\/Aciclovir-_var-B.png\",\"contentUrl\":\"https:\\\/\\\/www.slaviapharm.ro\\\/wp-content\\\/uploads\\\/2025\\\/03\\\/Aciclovir-_var-B.png\",\"width\":4000,\"height\":4000},{\"@type\":\"BreadcrumbList\",\"@id\":\"https:\\\/\\\/www.slaviapharm.ro\\\/product\\\/aciclovir-slavia-200mg-capsule\\\/#breadcrumb\",\"itemListElement\":[{\"@type\":\"ListItem\",\"position\":1,\"name\":\"Home\",\"item\":\"https:\\\/\\\/www.slaviapharm.ro\\\/\"},{\"@type\":\"ListItem\",\"position\":2,\"name\":\"Produse\",\"item\":\"https:\\\/\\\/www.slaviapharm.ro\\\/produse\\\/\"},{\"@type\":\"ListItem\",\"position\":3,\"name\":\"Aciclovir Slavia 200mg capsule\"}]},{\"@type\":\"WebSite\",\"@id\":\"https:\\\/\\\/www.slaviapharm.ro\\\/#website\",\"url\":\"https:\\\/\\\/www.slaviapharm.ro\\\/\",\"name\":\"Slavia Pharm\",\"description\":\"Companie produc\u0103toare de medicamente fondat\u0103 \u00een anul 1997.\",\"publisher\":{\"@id\":\"https:\\\/\\\/www.slaviapharm.ro\\\/#organization\"},\"potentialAction\":[{\"@type\":\"SearchAction\",\"target\":{\"@type\":\"EntryPoint\",\"urlTemplate\":\"https:\\\/\\\/www.slaviapharm.ro\\\/?s={search_term_string}\"},\"query-input\":{\"@type\":\"PropertyValueSpecification\",\"valueRequired\":true,\"valueName\":\"search_term_string\"}}],\"inLanguage\":\"en-US\"},{\"@type\":\"Organization\",\"@id\":\"https:\\\/\\\/www.slaviapharm.ro\\\/#organization\",\"name\":\"Slavia Pharm\",\"url\":\"https:\\\/\\\/www.slaviapharm.ro\\\/\",\"logo\":{\"@type\":\"ImageObject\",\"inLanguage\":\"en-US\",\"@id\":\"https:\\\/\\\/www.slaviapharm.ro\\\/#\\\/schema\\\/logo\\\/image\\\/\",\"url\":\"https:\\\/\\\/www.slaviapharm.ro\\\/wp-content\\\/uploads\\\/2025\\\/03\\\/Logo-Slavia-Pharm.png\",\"contentUrl\":\"https:\\\/\\\/www.slaviapharm.ro\\\/wp-content\\\/uploads\\\/2025\\\/03\\\/Logo-Slavia-Pharm.png\",\"width\":585,\"height\":191,\"caption\":\"Slavia Pharm\"},\"image\":{\"@id\":\"https:\\\/\\\/www.slaviapharm.ro\\\/#\\\/schema\\\/logo\\\/image\\\/\"},\"sameAs\":[\"https:\\\/\\\/www.facebook.com\\\/slaviapharm\",\"https:\\\/\\\/www.linkedin.com\\\/company\\\/slavia-pharm\\\/about\\\/\"]}]}<\/script>\n<!-- \/ Yoast SEO plugin. -->","yoast_head_json":{"title":"Acyclovir Slavia 200mg capsules - Slavia Pharm","robots":{"index":"index","follow":"follow","max-snippet":"max-snippet:-1","max-image-preview":"max-image-preview:large","max-video-preview":"max-video-preview:-1"},"canonical":"https:\/\/www.slaviapharm.ro\/en\/product\/acyclovir-slavia-200mg-capsules\/","og_locale":"en_US","og_type":"article","og_title":"Aciclovir Slavia 200mg capsule - Slavia Pharm","og_description":"Aciclovir Slavia este un antiviral de uz sistemic. Acesta ac\u021bioneaz\u0103 prin distrugerea sau oprirea cre\u0219terii virusurilor.  Aciclovir Slavia este utilizat pentru:   Tratamentul infec\u0163iilor herpetice cutaneo-mucoase (inclusiv cu localizare genital\u0103) primare sau recurente, determinate de virusul herpes simplex (VHS) (excluz\u00e2nd VHS neonatal \u015fi infec\u0163ii severe cu VHS la copii imunodeprima\u0163i);  Prevenirea infec\u0163iilor recurente determinate de VHS la pacien\u0163i imunocompeten\u021bi;  Tratamentul infec\u0163iilor cu virus varicelo-zosterian (VVZ).","og_url":"https:\/\/www.slaviapharm.ro\/en\/product\/acyclovir-slavia-200mg-capsules\/","og_site_name":"Slavia Pharm","article_publisher":"https:\/\/www.facebook.com\/slaviapharm","article_modified_time":"2026-03-16T18:45:59+00:00","og_image":[{"width":1280,"height":1280,"url":"https:\/\/www.slaviapharm.ro\/wp-content\/uploads\/2025\/03\/Aciclovir-_var-B-1280x1280.png","type":"image\/png"}],"twitter_card":"summary_large_image","twitter_misc":{"Est. reading time":"1 minute"},"schema":{"@context":"https:\/\/schema.org","@graph":[{"@type":"WebPage","@id":"https:\/\/www.slaviapharm.ro\/product\/aciclovir-slavia-200mg-capsule\/","url":"https:\/\/www.slaviapharm.ro\/product\/aciclovir-slavia-200mg-capsule\/","name":"Acyclovir Slavia 200mg capsules - Slavia Pharm","isPartOf":{"@id":"https:\/\/www.slaviapharm.ro\/#website"},"primaryImageOfPage":{"@id":"https:\/\/www.slaviapharm.ro\/product\/aciclovir-slavia-200mg-capsule\/#primaryimage"},"image":{"@id":"https:\/\/www.slaviapharm.ro\/product\/aciclovir-slavia-200mg-capsule\/#primaryimage"},"thumbnailUrl":"https:\/\/www.slaviapharm.ro\/wp-content\/uploads\/2025\/03\/Aciclovir-_var-B.png","datePublished":"2025-03-22T09:36:35+00:00","dateModified":"2026-03-16T18:45:59+00:00","breadcrumb":{"@id":"https:\/\/www.slaviapharm.ro\/product\/aciclovir-slavia-200mg-capsule\/#breadcrumb"},"inLanguage":"en-US","potentialAction":[{"@type":"ReadAction","target":["https:\/\/www.slaviapharm.ro\/product\/aciclovir-slavia-200mg-capsule\/"]}]},{"@type":"ImageObject","inLanguage":"en-US","@id":"https:\/\/www.slaviapharm.ro\/product\/aciclovir-slavia-200mg-capsule\/#primaryimage","url":"https:\/\/www.slaviapharm.ro\/wp-content\/uploads\/2025\/03\/Aciclovir-_var-B.png","contentUrl":"https:\/\/www.slaviapharm.ro\/wp-content\/uploads\/2025\/03\/Aciclovir-_var-B.png","width":4000,"height":4000},{"@type":"BreadcrumbList","@id":"https:\/\/www.slaviapharm.ro\/product\/aciclovir-slavia-200mg-capsule\/#breadcrumb","itemListElement":[{"@type":"ListItem","position":1,"name":"Home","item":"https:\/\/www.slaviapharm.ro\/"},{"@type":"ListItem","position":2,"name":"Produse","item":"https:\/\/www.slaviapharm.ro\/produse\/"},{"@type":"ListItem","position":3,"name":"Aciclovir Slavia 200mg capsule"}]},{"@type":"WebSite","@id":"https:\/\/www.slaviapharm.ro\/#website","url":"https:\/\/www.slaviapharm.ro\/","name":"Slavia Pharm","description":"Drug manufacturing company founded in 1997.","publisher":{"@id":"https:\/\/www.slaviapharm.ro\/#organization"},"potentialAction":[{"@type":"SearchAction","target":{"@type":"EntryPoint","urlTemplate":"https:\/\/www.slaviapharm.ro\/?s={search_term_string}"},"query-input":{"@type":"PropertyValueSpecification","valueRequired":true,"valueName":"search_term_string"}}],"inLanguage":"en-US"},{"@type":"Organization","@id":"https:\/\/www.slaviapharm.ro\/#organization","name":"Slavia Pharm","url":"https:\/\/www.slaviapharm.ro\/","logo":{"@type":"ImageObject","inLanguage":"en-US","@id":"https:\/\/www.slaviapharm.ro\/#\/schema\/logo\/image\/","url":"https:\/\/www.slaviapharm.ro\/wp-content\/uploads\/2025\/03\/Logo-Slavia-Pharm.png","contentUrl":"https:\/\/www.slaviapharm.ro\/wp-content\/uploads\/2025\/03\/Logo-Slavia-Pharm.png","width":585,"height":191,"caption":"Slavia Pharm"},"image":{"@id":"https:\/\/www.slaviapharm.ro\/#\/schema\/logo\/image\/"},"sameAs":["https:\/\/www.facebook.com\/slaviapharm","https:\/\/www.linkedin.com\/company\/slavia-pharm\/about\/"]}]}},"_links":{"self":[{"href":"https:\/\/www.slaviapharm.ro\/en\/wp-json\/wp\/v2\/product\/3421","targetHints":{"allow":["GET"]}}],"collection":[{"href":"https:\/\/www.slaviapharm.ro\/en\/wp-json\/wp\/v2\/product"}],"about":[{"href":"https:\/\/www.slaviapharm.ro\/en\/wp-json\/wp\/v2\/types\/product"}],"wp:featuredmedia":[{"embeddable":true,"href":"https:\/\/www.slaviapharm.ro\/en\/wp-json\/wp\/v2\/media\/3422"}],"wp:attachment":[{"href":"https:\/\/www.slaviapharm.ro\/en\/wp-json\/wp\/v2\/media?parent=3421"}],"wp:term":[{"taxonomy":"product_brand","embeddable":true,"href":"https:\/\/www.slaviapharm.ro\/en\/wp-json\/wp\/v2\/product_brand?post=3421"},{"taxonomy":"product_cat","embeddable":true,"href":"https:\/\/www.slaviapharm.ro\/en\/wp-json\/wp\/v2\/product_cat?post=3421"},{"taxonomy":"product_tag","embeddable":true,"href":"https:\/\/www.slaviapharm.ro\/en\/wp-json\/wp\/v2\/product_tag?post=3421"}],"curies":[{"name":"wp","href":"https:\/\/api.w.org\/{rel}","templated":true}]}}